{"id":728,"date":"2020-09-30T12:50:03","date_gmt":"2020-09-30T09:50:03","guid":{"rendered":"https:\/\/apmokkipalvelut.fi\/?page_id=728"},"modified":"2025-05-15T15:24:13","modified_gmt":"2025-05-15T12:24:13","slug":"cabin-maintenance","status":"publish","type":"page","link":"https:\/\/apmokkipalvelut.fi\/en\/cabin-maintenance\/","title":{"rendered":"Cabin maintenance"},"content":{"rendered":"<ul>\n<li>\n<p>        <img decoding=\"async\" src=\"\/wp-content\/uploads\/2025\/05\/lumityot.jpg\" alt=\"Cabin services that make your everyday life and holidays easier\"><\/p>\n<h2>Cabin services that make your everyday life and holidays easier<\/h2>\n<p>Complete cabin care \u2013 maintenance and cleaning from one provider<\/p>\n<\/li>\n<li>\n<p>        <img decoding=\"async\" src=\"\/wp-content\/uploads\/2025\/05\/puupino.jpg\" alt=\"Full-range cabin maintenance services\"><\/p>\n<h2>Full-range cabin maintenance services<\/h2>\n<p>in Ruka\u2013Kuusamo<\/p>\n<\/li>\n<li>\n<p>        <img decoding=\"async\" src=\"\/wp-content\/uploads\/2025\/05\/vuodevaatteet.jpg\" alt=\"Cleaning services and linen rental\"><\/p>\n<h2>Cleaning services and linen rental<\/h2>\n<p>in Ruka-Kuusamon region<\/p>\n<\/li>\n<\/ul>\n<h2>\n<p>Cabin maintenance services at Ruka-Kuusamo region<\/p>\n<\/h2>\n<div>\n<p>We offer comprehensive and flexible maintenance services for cabin owners in the Ruka area \u2013 whether you&#8217;re on site or away. We make sure your holiday home is always clean, well-equipped, and ready for you or your guests.<\/p>\n<\/div>\n<ul>\n<li>\n<div><strong>Key service \u20ac60\/year<\/strong> <br \/>Reliable key management so you and your guests can access the cabin worry-free \u2013 anytime.<\/div>\n<\/li>\n<li>\n<div><strong>Final cleaning from \u20ac70\/cabin<\/strong> <br \/>Thorough post-stay cleaning after rental or personal use \u2013 leaving your cabin clean and fresh.<\/div>\n<\/li>\n<li>\n<div><strong>Supply restocking<\/strong> <br \/>We restock essentials such as toilet paper, dish soap, and other basic supplies according to your preferences.<\/div>\n<\/li>\n<li>\n<div><strong>Departure checks from \u20ac25\/visit<\/strong> <br \/>We inspect your cabin before guests arrive \u2013 ensuring cleanliness, equipment, and overall condition are in order.<\/div>\n<\/li>\n<li>\n<div><strong>Deep cleaning<\/strong> <br \/>Thorough cleaning after a long break or between seasons \u2013 perfect for seasonal changeovers and fresh starts.<\/div>\n<\/li>\n<li>\n<div><strong>Linen rental<\/strong> <br \/>We provide bed linen and towels, either delivered to your cabin or neatly made and ready for use.<\/div>\n<\/li>\n<li>\n<div>\n<p><strong>Other services<\/strong><\/p>\n<ul>\n<li>Minor maintenance and repairs<\/li>\n<li>Firewood delivery<\/li>\n<li>Handling everyday errands on your behalf<\/li>\n<\/ul>\n<\/div>\n<\/li>\n<\/ul>\n<div>\n<p>Prices vary depending on the size of your property.<br \/>Request a personalized quote for your cabin!<\/p>\n<p>All price include VAT (25.5%).<\/p>\n<\/div>\n<ul>\n<li>\n<p>        <img decoding=\"async\" src=\"\/wp-content\/uploads\/2025\/05\/ap-kylpparin-siivous.jpg\" alt=\"\"><\/p>\n<h3>ap-kylpparin-siivous<\/h3>\n<\/li>\n<li>\n<p>        <img decoding=\"async\" src=\"\/wp-content\/uploads\/2025\/05\/ap-lumet-katolta.jpg\" alt=\"\"><\/p>\n<h3>ap-lumet-katolta<\/h3>\n<\/li>\n<li>\n<p>        <img decoding=\"async\" src=\"\/wp-content\/uploads\/2025\/05\/ap-lumet-pihalta.jpg\" alt=\"\"><\/p>\n<h3>ap-lumet-pihalta<\/h3>\n<\/li>\n<li>\n<p>        <img decoding=\"async\" src=\"\/wp-content\/uploads\/2025\/05\/ap-maalaus.jpg\" alt=\"\"><\/p>\n<h3>ap-maalaus<\/h3>\n<\/li>\n<\/ul>\n<h1>New! Powerful eco-friendly cleaning<\/h1>\n<div>\n<p>Eco-Friendly Deep Cleaning with Thermostar Dry Steam System<\/p>\n<p><strong>We clean<\/strong><\/p>\n<ul>\n<li>Beds, upholstery, mattresses, carpets, and sofas<\/li>\n<li>Hard surfaces in living rooms, children&#8217;s rooms, and offices<\/li>\n<li>Bathrooms, toilets, and saunas<\/li>\n<li>Kitchens<\/li>\n<li>Glass doors, windows, and venetian blinds<\/li>\n<\/ul>\n<p>All this is done in an environmentally friendly way \u2013 without chemicals. The cleaning power comes from the combination of hot steam and pressure, eliminating the need for detergents. Thanks to the extremely hot and dry steam, textiles dry quickly and are ready for use in no time.<\/p>\n<\/div>\n<p><!--more--><br \/>\n<!-- {\"name\":\"ap\",\"type\":\"layout\",\"children\":[{\"name\":\"Cabins Exterior\",\"type\":\"section\",\"props\":{\"animation\":\"fade\",\"header_transparent\":true,\"header_transparent_noplaceholder\":true,\"header_transparent_text_color\":\"light\",\"height\":\"viewport\",\"height_viewport\":80,\"image_position\":\"center-right\",\"overlap\":false,\"padding\":\"none\",\"padding_remove_top\":true,\"style\":\"default\",\"title_breakpoint\":\"xl\",\"title_position\":\"top-left\",\"title_rotation\":\"left\",\"vertical_align\":\"\",\"width\":\"\"},\"children\":[{\"type\":\"row\",\"children\":[{\"type\":\"column\",\"props\":{\"image_position\":\"center-center\",\"position_sticky_breakpoint\":\"m\"},\"children\":[{\"type\":\"slideshow\",\"props\":{\"link_style\":\"default\",\"link_text\":\"Read more\",\"margin\":\"default\",\"meta_align\":\"below-title\",\"meta_element\":\"div\",\"meta_style\":\"h3\",\"nav\":\"\",\"nav_align\":\"center\",\"nav_breakpoint\":\"s\",\"nav_position\":\"center-right\",\"nav_position_margin\":\"medium\",\"overlay_animation\":\"parallax\",\"overlay_container\":\"large\",\"overlay_position\":\"center\",\"show_content\":true,\"show_link\":true,\"show_meta\":true,\"show_thumbnail\":true,\"show_title\":true,\"slidenav\":\"default\",\"slidenav_breakpoint\":\"s\",\"slidenav_hover\":true,\"slidenav_large\":true,\"slidenav_margin\":\"medium\",\"slidenav_outside_breakpoint\":\"xl\",\"slideshow_autoplay\":true,\"slideshow_autoplay_pause\":true,\"slideshow_height\":\"viewport\",\"slideshow_height_viewport\":80,\"slideshow_max_height\":\"500\",\"slideshow_min_height\":300,\"text_align\":\"center\",\"thumbnav_height\":\"75\",\"thumbnav_svg_color\":\"emphasis\",\"thumbnav_width\":\"100\",\"title_element\":\"h2\",\"title_font_family\":\"tertiary\",\"title_hover_style\":\"reset\",\"title_style\":\"heading-small\"},\"children\":[{\"type\":\"slideshow_item\",\"props\":{\"image\":\"wp-content\\\/uploads\\\/2025\\\/05\\\/lumityot.jpg\",\"image_alt\":\"Cabin services that make your everyday life and holidays easier\",\"media_overlay\":\"rgba(0, 0, 0, 0.11)\",\"meta\":\"Complete cabin care \\u2013 maintenance and cleaning from one provider\",\"text_color\":\"light\",\"title\":\"Cabin services that make your everyday life and holidays easier\"}},{\"type\":\"slideshow_item\",\"props\":{\"image\":\"wp-content\\\/uploads\\\/2025\\\/05\\\/puupino.jpg\",\"image_alt\":\"Full-range cabin maintenance services\",\"media_overlay\":\"rgba(0, 0, 0, 0.24)\",\"meta\":\"in Ruka\\u2013Kuusamo\",\"text_color\":\"light\",\"title\":\"Full-range cabin maintenance services\"}},{\"type\":\"slideshow_item\",\"props\":{\"image\":\"wp-content\\\/uploads\\\/2025\\\/05\\\/vuodevaatteet.jpg\",\"image_alt\":\"Cleaning services and linen rental\",\"meta\":\"in Ruka-Kuusamon region\",\"text_color\":\"light\",\"title\":\"Cleaning services and linen rental\"}}]}]}]}]},{\"type\":\"section\",\"props\":{\"image_position\":\"center-center\",\"padding_remove_top\":true,\"style\":\"default\",\"title_breakpoint\":\"xl\",\"title_position\":\"top-left\",\"title_rotation\":\"left\",\"vertical_align\":\"\",\"width\":\"\"},\"children\":[{\"type\":\"row\",\"props\":{\"column_gap\":\"small\",\"layout\":\"1-2,1-2\",\"margin\":\"remove-vertical\"},\"children\":[{\"type\":\"column\",\"props\":{\"image\":\"wp-content\\\/uploads\\\/2025\\\/05\\\/ap-suursiivous-iso.jpg\",\"image_position\":\"bottom-center\",\"image_size\":\"cover\",\"media_focal_point\":\"bottom-center\",\"media_visibility\":\"m\",\"padding\":\"none\",\"position_sticky_breakpoint\":\"m\",\"width_medium\":\"1-2\"}},{\"type\":\"column\",\"props\":{\"image_position\":\"center-center\",\"position_sticky_breakpoint\":\"m\",\"style\":\"tile-default\",\"vertical_align\":\"middle\",\"width_medium\":\"1-2\"},\"children\":[{\"type\":\"headline\",\"props\":{\"content\":\"\n\n<p>Cabin maintenance services at Ruka-Kuusamo region<\\\/p>\",\"text_align_breakpoint\":\"m\",\"text_align_fallback\":\"center\",\"title_element\":\"h2\",\"title_style\":\"h2\"}},{\"type\":\"text\",\"props\":{\"column_breakpoint\":\"m\",\"content\":\"\n\n<p>We offer comprehensive and flexible maintenance services for cabin owners in the Ruka area \\u2013 whether you're on site or away. We make sure your holiday home is always clean, well-equipped, and ready for you or your guests.<\\\/p>\",\"margin\":\"default\"}},{\"type\":\"list\",\"props\":{\"block_align\":\"center\",\"column_breakpoint\":\"m\",\"image_align\":\"left\",\"image_svg_color\":\"emphasis\",\"image_vertical_align\":true,\"list_element\":\"ul\",\"list_horizontal_separator\":\", \",\"list_marker\":\"bullet\",\"list_type\":\"vertical\",\"maxwidth_breakpoint\":\"m\",\"position_right\":\"0\",\"show_image\":true,\"show_link\":true,\"text_align_breakpoint\":\"m\"},\"children\":[{\"type\":\"list_item\",\"props\":{\"content\":\"<strong>Key service \\u20ac60\\\/year<\\\/strong> <br \\\/>Reliable key management so you and your guests can access the cabin worry-free \\u2013 anytime.\"}},{\"type\":\"list_item\",\"props\":{\"content\":\"<strong>Final cleaning from \\u20ac70\\\/cabin<\\\/strong> <br \\\/>Thorough post-stay cleaning after rental or personal use \\u2013 leaving your cabin clean and fresh.\"}},{\"type\":\"list_item\",\"props\":{\"content\":\"<strong>Supply restocking<\\\/strong> <br \\\/>We restock essentials such as toilet paper, dish soap, and other basic supplies according to your preferences.\"}},{\"type\":\"list_item\",\"props\":{\"content\":\"<strong>Departure checks from \\u20ac25\\\/visit<\\\/strong> <br \\\/>We inspect your cabin before guests arrive \\u2013 ensuring cleanliness, equipment, and overall condition are in order.\"}},{\"type\":\"list_item\",\"props\":{\"content\":\"<strong>Deep cleaning<\\\/strong> <br \\\/>Thorough cleaning after a long break or between seasons \\u2013 perfect for seasonal changeovers and fresh starts.\"}},{\"type\":\"list_item\",\"props\":{\"content\":\"<strong>Linen rental<\\\/strong> <br \\\/>We provide bed linen and towels, either delivered to your cabin or neatly made and ready for use.\"}},{\"type\":\"list_item\",\"props\":{\"content\":\"\n\n<p><strong>Other services<\\\/strong><\\\/p>\\n\n\n<ul>\\n\n\n<li>Minor maintenance and repairs<\\\/li>\\n\n\n<li>Firewood delivery<\\\/li>\\n\n\n<li>Handling everyday errands on your behalf<\\\/li>\\n<\\\/ul>\"}}]},{\"type\":\"text\",\"props\":{\"column_breakpoint\":\"m\",\"content\":\"\n\n<p>Prices vary depending on the size of your property.<br \\\/>Request a personalized quote for your cabin!<\\\/p>\\n\n\n<p>All price include VAT (25.5%).<\\\/p>\",\"margin\":\"default\"}}]}]},{\"type\":\"row\",\"children\":[{\"type\":\"column\",\"props\":{\"image_position\":\"center-center\",\"position_sticky_breakpoint\":\"m\"},\"children\":[{\"type\":\"panel-slider\",\"props\":{\"content_column_breakpoint\":\"m\",\"icon_width\":80,\"image_align\":\"top\",\"image_grid_breakpoint\":\"m\",\"image_grid_width\":\"1-2\",\"image_height\":1080,\"image_svg_color\":\"emphasis\",\"image_width\":733,\"link_style\":\"default\",\"link_text\":\"Read more\",\"margin\":\"default\",\"meta_align\":\"below-title\",\"meta_element\":\"div\",\"meta_style\":\"text-meta\",\"nav\":\"\",\"nav_align\":\"center\",\"nav_breakpoint\":\"s\",\"panel_match\":true,\"show_content\":true,\"show_hover_image\":true,\"show_hover_video\":true,\"show_image\":true,\"show_link\":true,\"show_meta\":true,\"show_title\":false,\"show_video\":true,\"slidenav\":\"outside\",\"slidenav_breakpoint\":\"xl\",\"slidenav_margin\":\"medium\",\"slidenav_outside_breakpoint\":\"xl\",\"slider_autoplay\":true,\"slider_autoplay_pause\":false,\"slider_gap\":\"small\",\"slider_width\":\"fixed\",\"slider_width_default\":\"5-6\",\"slider_width_large\":\"1-4\",\"slider_width_medium\":\"1-3\",\"slider_width_small\":\"1-2\",\"title_align\":\"top\",\"title_element\":\"h3\",\"title_grid_breakpoint\":\"m\",\"title_grid_width\":\"1-2\",\"title_hover_style\":\"reset\"},\"children\":[{\"type\":\"panel-slider_item\",\"props\":{\"image\":\"wp-content\\\/uploads\\\/2025\\\/05\\\/ap-kylpparin-siivous.jpg\",\"title\":\"ap-kylpparin-siivous\"}},{\"type\":\"panel-slider_item\",\"props\":{\"image\":\"wp-content\\\/uploads\\\/2025\\\/05\\\/ap-lumet-katolta.jpg\",\"title\":\"ap-lumet-katolta\"}},{\"type\":\"panel-slider_item\",\"props\":{\"image\":\"wp-content\\\/uploads\\\/2025\\\/05\\\/ap-lumet-pihalta.jpg\",\"title\":\"ap-lumet-pihalta\"}},{\"type\":\"panel-slider_item\",\"props\":{\"image\":\"wp-content\\\/uploads\\\/2025\\\/05\\\/ap-maalaus.jpg\",\"title\":\"ap-maalaus\"}}]}]}]}]},{\"type\":\"section\",\"props\":{\"image_position\":\"center-center\",\"preserve_color\":true,\"style\":\"primary\",\"title_breakpoint\":\"xl\",\"title_position\":\"top-left\",\"title_rotation\":\"left\",\"vertical_align\":\"middle\",\"width\":\"default\"},\"children\":[{\"type\":\"row\",\"props\":{\"column_gap\":\"collapse\",\"layout\":\"2-3,1-3\",\"row_gap\":\"collapse\"},\"children\":[{\"type\":\"column\",\"props\":{\"image_position\":\"center-center\",\"position_sticky_breakpoint\":\"m\",\"style\":\"tile-default\",\"width_medium\":\"2-3\",\"width_small\":\"1-2\"},\"children\":[{\"type\":\"headline\",\"props\":{\"content\":\"New! Powerful eco-friendly cleaning\",\"title_element\":\"h1\"}},{\"type\":\"text\",\"props\":{\"column_breakpoint\":\"m\",\"content\":\"\n\n<p>Eco-Friendly Deep Cleaning with Thermostar Dry Steam System<\\\/p>\\n\n\n<p><strong>We clean<\\\/strong><\\\/p>\\n\n\n<ul>\\n\n\n<li>Beds, upholstery, mattresses, carpets, and sofas<\\\/li>\\n\n\n<li>Hard surfaces in living rooms, children's rooms, and offices<\\\/li>\\n\n\n<li>Bathrooms, toilets, and saunas<\\\/li>\\n\n\n<li>Kitchens<\\\/li>\\n\n\n<li>Glass doors, windows, and venetian blinds<\\\/li>\\n<\\\/ul>\\n\n\n<p>All this is done in an environmentally friendly way \\u2013 without chemicals. The cleaning power comes from the combination of hot steam and pressure, eliminating the need for detergents. Thanks to the extremely hot and dry steam, textiles dry quickly and are ready for use in no time.<\\\/p>\",\"margin\":\"default\"}}]},{\"type\":\"column\",\"props\":{\"image_position\":\"center-center\",\"position_sticky_breakpoint\":\"m\",\"style\":\"tile-default\",\"video\":\"https:\\\/\\\/vimeo.com\\\/1084560707?share=copy\",\"video_height\":1080,\"video_width\":1280,\"width_medium\":\"1-3\",\"width_small\":\"1-2\"}}]}]}],\"version\":\"4.5.15\"} --><\/p>\n","protected":false},"excerpt":{"rendered":"<p>Cabin services that make your everyday life and holidays easier Complete cabin care \u2013 maintenance and cleaning from one provider Full-range cabin maintenance services in Ruka\u2013Kuusamo Cleaning services and linen rental in Ruka-Kuusamon region Cabin maintenance services at Ruka-Kuusamo region We offer comprehensive and flexible maintenance services for cabin owners in the Ruka area \u2013 [&hellip;]<\/p>\n","protected":false},"author":1,"featured_media":41237,"parent":0,"menu_order":0,"comment_status":"closed","ping_status":"closed","template":"","meta":{"footnotes":""},"class_list":["post-728","page","type-page","status-publish","has-post-thumbnail","hentry"],"yoast_head":"<!-- This site is optimized with the Yoast SEO plugin v27.4 - https:\/\/yoast.com\/product\/yoast-seo-wordpress\/ -->\n<title>Cabin maintenance - AP M\u00f6kkipalvelut Oy, Ruka-Kuusamo<\/title>\n<meta name=\"description\" content=\"M\u00f6kki- ja kiinteist\u00f6nhuoltoa Rukan ja Kuusamon alueella.\" \/>\n<meta name=\"robots\" content=\"index, follow, max-snippet:-1, max-image-preview:large, max-video-preview:-1\" \/>\n<link rel=\"canonical\" href=\"https:\/\/apmokkipalvelut.fi\/en\/cabin-maintenance\/\" \/>\n<meta property=\"og:locale\" content=\"en_US\" \/>\n<meta property=\"og:type\" content=\"article\" \/>\n<meta property=\"og:title\" content=\"Cabin maintenance - AP M\u00f6kkipalvelut Oy, Ruka-Kuusamo\" \/>\n<meta property=\"og:description\" content=\"M\u00f6kki- ja kiinteist\u00f6nhuoltoa Rukan ja Kuusamon alueella.\" \/>\n<meta property=\"og:url\" content=\"https:\/\/apmokkipalvelut.fi\/en\/cabin-maintenance\/\" \/>\n<meta property=\"og:site_name\" content=\"AP M\u00f6kkipalvelut Oy, Ruka-Kuusamo\" \/>\n<meta property=\"article:modified_time\" content=\"2025-05-15T12:24:13+00:00\" \/>\n<meta property=\"og:image\" content=\"https:\/\/apmokkipalvelut.fi\/wp-content\/uploads\/2025\/05\/puupino.jpg\" \/>\n\t<meta property=\"og:image:width\" content=\"1920\" \/>\n\t<meta property=\"og:image:height\" content=\"1280\" \/>\n\t<meta property=\"og:image:type\" content=\"image\/jpeg\" \/>\n<meta name=\"twitter:card\" content=\"summary_large_image\" \/>\n<meta name=\"twitter:label1\" content=\"Est. reading time\" \/>\n\t<meta name=\"twitter:data1\" content=\"3 minutes\" \/>\n<script type=\"application\/ld+json\" class=\"yoast-schema-graph\">{\"@context\":\"https:\\\/\\\/schema.org\",\"@graph\":[{\"@type\":\"WebPage\",\"@id\":\"https:\\\/\\\/apmokkipalvelut.fi\\\/en\\\/cabin-maintenance\\\/\",\"url\":\"https:\\\/\\\/apmokkipalvelut.fi\\\/en\\\/cabin-maintenance\\\/\",\"name\":\"Cabin maintenance - AP M\u00f6kkipalvelut Oy, Ruka-Kuusamo\",\"isPartOf\":{\"@id\":\"https:\\\/\\\/apmokkipalvelut.fi\\\/en\\\/#website\"},\"primaryImageOfPage\":{\"@id\":\"https:\\\/\\\/apmokkipalvelut.fi\\\/en\\\/cabin-maintenance\\\/#primaryimage\"},\"image\":{\"@id\":\"https:\\\/\\\/apmokkipalvelut.fi\\\/en\\\/cabin-maintenance\\\/#primaryimage\"},\"thumbnailUrl\":\"https:\\\/\\\/apmokkipalvelut.fi\\\/wp-content\\\/uploads\\\/2025\\\/05\\\/puupino.jpg\",\"datePublished\":\"2020-09-30T09:50:03+00:00\",\"dateModified\":\"2025-05-15T12:24:13+00:00\",\"description\":\"M\u00f6kki- ja kiinteist\u00f6nhuoltoa Rukan ja Kuusamon alueella.\",\"breadcrumb\":{\"@id\":\"https:\\\/\\\/apmokkipalvelut.fi\\\/en\\\/cabin-maintenance\\\/#breadcrumb\"},\"inLanguage\":\"en-US\",\"potentialAction\":[{\"@type\":\"ReadAction\",\"target\":[\"https:\\\/\\\/apmokkipalvelut.fi\\\/en\\\/cabin-maintenance\\\/\"]}]},{\"@type\":\"ImageObject\",\"inLanguage\":\"en-US\",\"@id\":\"https:\\\/\\\/apmokkipalvelut.fi\\\/en\\\/cabin-maintenance\\\/#primaryimage\",\"url\":\"https:\\\/\\\/apmokkipalvelut.fi\\\/wp-content\\\/uploads\\\/2025\\\/05\\\/puupino.jpg\",\"contentUrl\":\"https:\\\/\\\/apmokkipalvelut.fi\\\/wp-content\\\/uploads\\\/2025\\\/05\\\/puupino.jpg\",\"width\":1920,\"height\":1280},{\"@type\":\"BreadcrumbList\",\"@id\":\"https:\\\/\\\/apmokkipalvelut.fi\\\/en\\\/cabin-maintenance\\\/#breadcrumb\",\"itemListElement\":[{\"@type\":\"ListItem\",\"position\":1,\"name\":\"Etusivu\",\"item\":\"https:\\\/\\\/apmokkipalvelut.fi\\\/en\\\/\"},{\"@type\":\"ListItem\",\"position\":2,\"name\":\"Cabin maintenance\"}]},{\"@type\":\"WebSite\",\"@id\":\"https:\\\/\\\/apmokkipalvelut.fi\\\/en\\\/#website\",\"url\":\"https:\\\/\\\/apmokkipalvelut.fi\\\/en\\\/\",\"name\":\"AP M\u00f6kkipalvelut Oy, Ruka-Kuusamo\",\"description\":\"kiinteist\u00f6nhuoltoa ja m\u00f6kkiv\u00e4lityst\u00e4\",\"potentialAction\":[{\"@type\":\"SearchAction\",\"target\":{\"@type\":\"EntryPoint\",\"urlTemplate\":\"https:\\\/\\\/apmokkipalvelut.fi\\\/en\\\/?s={search_term_string}\"},\"query-input\":{\"@type\":\"PropertyValueSpecification\",\"valueRequired\":true,\"valueName\":\"search_term_string\"}}],\"inLanguage\":\"en-US\"}]}<\/script>\n<!-- \/ Yoast SEO plugin. -->","yoast_head_json":{"title":"Cabin maintenance - AP M\u00f6kkipalvelut Oy, Ruka-Kuusamo","description":"M\u00f6kki- ja kiinteist\u00f6nhuoltoa Rukan ja Kuusamon alueella.","robots":{"index":"index","follow":"follow","max-snippet":"max-snippet:-1","max-image-preview":"max-image-preview:large","max-video-preview":"max-video-preview:-1"},"canonical":"https:\/\/apmokkipalvelut.fi\/en\/cabin-maintenance\/","og_locale":"en_US","og_type":"article","og_title":"Cabin maintenance - AP M\u00f6kkipalvelut Oy, Ruka-Kuusamo","og_description":"M\u00f6kki- ja kiinteist\u00f6nhuoltoa Rukan ja Kuusamon alueella.","og_url":"https:\/\/apmokkipalvelut.fi\/en\/cabin-maintenance\/","og_site_name":"AP M\u00f6kkipalvelut Oy, Ruka-Kuusamo","article_modified_time":"2025-05-15T12:24:13+00:00","og_image":[{"width":1920,"height":1280,"url":"https:\/\/apmokkipalvelut.fi\/wp-content\/uploads\/2025\/05\/puupino.jpg","type":"image\/jpeg"}],"twitter_card":"summary_large_image","twitter_misc":{"Est. reading time":"3 minutes"},"schema":{"@context":"https:\/\/schema.org","@graph":[{"@type":"WebPage","@id":"https:\/\/apmokkipalvelut.fi\/en\/cabin-maintenance\/","url":"https:\/\/apmokkipalvelut.fi\/en\/cabin-maintenance\/","name":"Cabin maintenance - AP M\u00f6kkipalvelut Oy, Ruka-Kuusamo","isPartOf":{"@id":"https:\/\/apmokkipalvelut.fi\/en\/#website"},"primaryImageOfPage":{"@id":"https:\/\/apmokkipalvelut.fi\/en\/cabin-maintenance\/#primaryimage"},"image":{"@id":"https:\/\/apmokkipalvelut.fi\/en\/cabin-maintenance\/#primaryimage"},"thumbnailUrl":"https:\/\/apmokkipalvelut.fi\/wp-content\/uploads\/2025\/05\/puupino.jpg","datePublished":"2020-09-30T09:50:03+00:00","dateModified":"2025-05-15T12:24:13+00:00","description":"M\u00f6kki- ja kiinteist\u00f6nhuoltoa Rukan ja Kuusamon alueella.","breadcrumb":{"@id":"https:\/\/apmokkipalvelut.fi\/en\/cabin-maintenance\/#breadcrumb"},"inLanguage":"en-US","potentialAction":[{"@type":"ReadAction","target":["https:\/\/apmokkipalvelut.fi\/en\/cabin-maintenance\/"]}]},{"@type":"ImageObject","inLanguage":"en-US","@id":"https:\/\/apmokkipalvelut.fi\/en\/cabin-maintenance\/#primaryimage","url":"https:\/\/apmokkipalvelut.fi\/wp-content\/uploads\/2025\/05\/puupino.jpg","contentUrl":"https:\/\/apmokkipalvelut.fi\/wp-content\/uploads\/2025\/05\/puupino.jpg","width":1920,"height":1280},{"@type":"BreadcrumbList","@id":"https:\/\/apmokkipalvelut.fi\/en\/cabin-maintenance\/#breadcrumb","itemListElement":[{"@type":"ListItem","position":1,"name":"Etusivu","item":"https:\/\/apmokkipalvelut.fi\/en\/"},{"@type":"ListItem","position":2,"name":"Cabin maintenance"}]},{"@type":"WebSite","@id":"https:\/\/apmokkipalvelut.fi\/en\/#website","url":"https:\/\/apmokkipalvelut.fi\/en\/","name":"AP M\u00f6kkipalvelut Oy, Ruka-Kuusamo","description":"kiinteist\u00f6nhuoltoa ja m\u00f6kkiv\u00e4lityst\u00e4","potentialAction":[{"@type":"SearchAction","target":{"@type":"EntryPoint","urlTemplate":"https:\/\/apmokkipalvelut.fi\/en\/?s={search_term_string}"},"query-input":{"@type":"PropertyValueSpecification","valueRequired":true,"valueName":"search_term_string"}}],"inLanguage":"en-US"}]}},"_links":{"self":[{"href":"https:\/\/apmokkipalvelut.fi\/en\/wp-json\/wp\/v2\/pages\/728","targetHints":{"allow":["GET"]}}],"collection":[{"href":"https:\/\/apmokkipalvelut.fi\/en\/wp-json\/wp\/v2\/pages"}],"about":[{"href":"https:\/\/apmokkipalvelut.fi\/en\/wp-json\/wp\/v2\/types\/page"}],"author":[{"embeddable":true,"href":"https:\/\/apmokkipalvelut.fi\/en\/wp-json\/wp\/v2\/users\/1"}],"replies":[{"embeddable":true,"href":"https:\/\/apmokkipalvelut.fi\/en\/wp-json\/wp\/v2\/comments?post=728"}],"version-history":[{"count":11,"href":"https:\/\/apmokkipalvelut.fi\/en\/wp-json\/wp\/v2\/pages\/728\/revisions"}],"predecessor-version":[{"id":41350,"href":"https:\/\/apmokkipalvelut.fi\/en\/wp-json\/wp\/v2\/pages\/728\/revisions\/41350"}],"wp:featuredmedia":[{"embeddable":true,"href":"https:\/\/apmokkipalvelut.fi\/en\/wp-json\/wp\/v2\/media\/41237"}],"wp:attachment":[{"href":"https:\/\/apmokkipalvelut.fi\/en\/wp-json\/wp\/v2\/media?parent=728"}],"curies":[{"name":"wp","href":"https:\/\/api.w.org\/{rel}","templated":true}]}}