{"id":720,"date":"2020-08-12T13:28:47","date_gmt":"2020-08-12T10:28:47","guid":{"rendered":"https:\/\/apmokkipalvelut.fi\/?page_id=720"},"modified":"2025-05-15T15:13:02","modified_gmt":"2025-05-15T12:13:02","slug":"esimerkkisivu","status":"publish","type":"page","link":"https:\/\/apmokkipalvelut.fi\/en\/","title":{"rendered":"Property Maintenance and Cottage Brokerage Services"},"content":{"rendered":"<div>Property maintenance and cabin services<\/div>\n<h1>Ruka-Kuusamo region, Finland<\/h1>\n<h2>Complete Holiday Home Care in Ruka<\/h2>\n<div>\n<p>Hassle-free holidays and everyday services in the Ruka\u2013Kuusamo area. We provide year-round cottage maintenance, cleaning, and seasonal services for holiday homeowners and local households \u2013 all from one trusted provider.<\/p>\n<\/div>\n<ul>\n<li>\n<div>\n<p><strong>Cabin and home cleaning <\/strong>\u00a0in Ruka-Kuusamo region<\/p>\n<\/div>\n<\/li>\n<li>\n<div><strong>Departure check<\/strong> \u2013 we ensure your cabin is clean and ready after guests have left. An arrival check can also be arranged if the property has been unoccupied for a longer period.<\/div>\n<\/li>\n<li>\n<div><strong>Seasonal deep cleaning for holiday homes<\/strong> \u2013 thorough cleaning services during changeovers or between rental seasons<\/div>\n<\/li>\n<\/ul>\n<ul>\n<li>\n<div><strong>Holiday linen rental<\/strong> \u2013 clean sheets and towels delivered to your cabin or neatly made on beds, ready for guests.<\/div>\n<\/li>\n<li>\n<div><strong>Cabin supply restocking<\/strong> \u2013 we ensure your holiday home is equipped with essential supplies, restocked according to your needs.<\/div>\n<\/li>\n<li>\n<div><strong>Small repairs and maintenance for cabins<\/strong> \u2013 from fixing broken handles to replacing light bulbs, we handle everyday upkeep reliably.<\/div>\n<\/li>\n<li>\n<div><strong>Ongoing property care\u00a0<\/strong> \u2013 we handle errands, check-ups, and everyday tasks for your holiday home when you can\u2019t be there yourself.<\/div>\n<\/li>\n<\/ul>\n<div>\n<h3>Ask for a quote \u2013 we tailor our services to your property and specific needs.<\/h3>\n<p>We take care of your holiday home or apartment while you&#8217;re away \u2013 so you can simply relax and enjoy your stay when you arrive.<\/p>\n<\/div>\n<p><!--more--><br \/>\n<!-- {\"name\":\"Cabins\",\"type\":\"layout\",\"children\":[{\"type\":\"section\",\"props\":{\"header_transparent\":true,\"header_transparent_noplaceholder\":true,\"header_transparent_text_color\":\"light\",\"height\":\"viewport\",\"height_offset_top\":true,\"image\":\"wp-content\\\/uploads\\\/2025\\\/05\\\/mokki-ilta-talvi.jpg\",\"image_position\":\"center-center\",\"image_size\":\"cover\",\"padding\":\"none\",\"style\":\"default\",\"text_color\":\"light\",\"title_breakpoint\":\"xl\",\"title_position\":\"top-left\",\"title_rotation\":\"left\",\"vertical_align\":\"middle\",\"width\":\"large\"},\"children\":[{\"type\":\"row\",\"children\":[{\"type\":\"column\",\"props\":{\"image_position\":\"center-center\",\"position_sticky_breakpoint\":\"m\"},\"children\":[{\"type\":\"headline\",\"props\":{\"content\":\"Property maintenance and cabin services\",\"text_align\":\"center\",\"title_element\":\"div\",\"title_style\":\"h3\"}},{\"type\":\"headline\",\"props\":{\"content\":\"Ruka-Kuusamo region, Finland\",\"margin\":\"default\",\"text_align\":\"center\",\"title_element\":\"h1\",\"title_font_family\":\"tertiary\",\"title_style\":\"heading-large\"}}]}]}],\"name\":\"Hero\"},{\"name\":\"Cabins Exterior\",\"type\":\"section\",\"props\":{\"animation\":\"fade\",\"header_transparent\":true,\"header_transparent_text_color\":\"light\",\"image_position\":\"center-right\",\"style\":\"default\",\"title_breakpoint\":\"xl\",\"title_position\":\"top-left\",\"title_rotation\":\"left\",\"vertical_align\":\"\",\"width\":\"small\"},\"children\":[{\"type\":\"row\",\"children\":[{\"type\":\"column\",\"props\":{\"image_position\":\"center-center\",\"position_sticky_breakpoint\":\"m\",\"width_medium\":\"1-1\"},\"children\":[{\"type\":\"headline\",\"props\":{\"block_align\":\"center\",\"content\":\"Complete Holiday Home Care in Ruka\",\"maxwidth\":\"2xlarge\",\"text_align\":\"center\",\"title_element\":\"h2\",\"title_style\":\"heading-small\"}},{\"type\":\"text\",\"props\":{\"block_align\":\"center\",\"column_breakpoint\":\"m\",\"content\":\"\n\n<p>Hassle-free holidays and everyday services in the Ruka\\u2013Kuusamo area. We provide year-round cottage maintenance, cleaning, and seasonal services for holiday homeowners and local households \\u2013 all from one trusted provider.<\\\/p>\",\"margin\":\"default\",\"text_style\":\"large\"}}]}]},{\"type\":\"row\",\"props\":{\"layout\":\"1-2,1-2\",\"margin\":\"default\",\"margin_remove_bottom\":false,\"margin_remove_top\":false,\"width\":\"small\"},\"children\":[{\"type\":\"column\",\"props\":{\"image_position\":\"center-center\",\"position_sticky_breakpoint\":\"m\",\"width_medium\":\"1-2\"},\"children\":[{\"type\":\"list\",\"props\":{\"column_breakpoint\":\"m\",\"image_align\":\"left\",\"image_svg_color\":\"emphasis\",\"image_vertical_align\":true,\"list_element\":\"ul\",\"list_horizontal_separator\":\", \",\"list_marker\":\"disc\",\"list_type\":\"vertical\",\"position_right\":\"0\",\"show_image\":true,\"show_link\":true},\"children\":[{\"type\":\"list_item\",\"props\":{\"content\":\"\n\n<p><strong>Cabin and home cleaning <\\\/strong>\\u00a0in Ruka-Kuusamo region<\\\/p>\"}},{\"type\":\"list_item\",\"props\":{\"content\":\"<strong>Departure check<\\\/strong> \\u2013 we ensure your cabin is clean and ready after guests have left. An arrival check can also be arranged if the property has been unoccupied for a longer period.\"}},{\"type\":\"list_item\",\"props\":{\"content\":\"<strong>Seasonal deep cleaning for holiday homes<\\\/strong> \\u2013 thorough cleaning services during changeovers or between rental seasons\"}}]}]},{\"type\":\"column\",\"props\":{\"image_position\":\"center-center\",\"position_sticky_breakpoint\":\"m\",\"width_medium\":\"1-2\"},\"children\":[{\"type\":\"list\",\"props\":{\"column_breakpoint\":\"m\",\"image_align\":\"left\",\"image_svg_color\":\"emphasis\",\"image_vertical_align\":true,\"list_element\":\"ul\",\"list_horizontal_separator\":\", \",\"list_marker\":\"disc\",\"list_type\":\"vertical\",\"position_right\":\"0\",\"show_image\":true,\"show_link\":true},\"children\":[{\"type\":\"list_item\",\"props\":{\"content\":\"<strong>Holiday linen rental<\\\/strong> \\u2013 clean sheets and towels delivered to your cabin or neatly made on beds, ready for guests.\"}},{\"type\":\"list_item\",\"props\":{\"content\":\"<strong>Cabin supply restocking<\\\/strong> \\u2013 we ensure your holiday home is equipped with essential supplies, restocked according to your needs.\"}},{\"type\":\"list_item\",\"props\":{\"content\":\"<strong>Small repairs and maintenance for cabins<\\\/strong> \\u2013 from fixing broken handles to replacing light bulbs, we handle everyday upkeep reliably.\"}},{\"type\":\"list_item\",\"props\":{\"content\":\"<strong>Ongoing property care\\u00a0<\\\/strong> \\u2013 we handle errands, check-ups, and everyday tasks for your holiday home when you can\\u2019t be there yourself.\"}}]}]}]},{\"type\":\"row\",\"children\":[{\"type\":\"column\",\"props\":{\"image_position\":\"center-center\",\"position_sticky_breakpoint\":\"m\"},\"children\":[{\"type\":\"text\",\"props\":{\"block_align\":\"center\",\"column_breakpoint\":\"m\",\"content\":\"\n\n<h3>Ask for a quote \\u2013 we tailor our services to your property and specific needs.<\\\/h3>\\n\n\n<p>We take care of your holiday home or apartment while you're away \\u2013 so you can simply relax and enjoy your stay when you arrive.<\\\/p>\",\"margin\":\"default\",\"maxwidth\":\"2xlarge\",\"text_align\":\"center\"}}]}]}]}],\"version\":\"4.5.15\"} --><\/p>\n","protected":false},"excerpt":{"rendered":"<p>Property maintenance and cabin services Ruka-Kuusamo region, Finland Complete Holiday Home Care in Ruka Hassle-free holidays and everyday services in the Ruka\u2013Kuusamo area. We provide year-round cottage maintenance, cleaning, and seasonal services for holiday homeowners and local households \u2013 all from one trusted provider. Cabin and home cleaning \u00a0in Ruka-Kuusamo region Departure check \u2013 we [&hellip;]<\/p>\n","protected":false},"author":1,"featured_media":804,"parent":0,"menu_order":0,"comment_status":"closed","ping_status":"open","template":"","meta":{"footnotes":""},"class_list":["post-720","page","type-page","status-publish","has-post-thumbnail","hentry"],"yoast_head":"<!-- This site is optimized with the Yoast SEO plugin v27.4 - https:\/\/yoast.com\/product\/yoast-seo-wordpress\/ -->\n<title>Property Maintenance and Cottage Brokerage Services - AP M\u00f6kkipalvelut Oy, Ruka-Kuusamo<\/title>\n<meta name=\"description\" content=\"Kiinteist\u00f6nhuolto- ja m\u00f6kkiv\u00e4lityspalvelu Rukalla ja Kuusamossa. Palvelut siivouksesta huoltoon ja l\u00e4ht\u00f6tarkastuksiin.\" \/>\n<meta name=\"robots\" content=\"index, follow, max-snippet:-1, max-image-preview:large, max-video-preview:-1\" \/>\n<link rel=\"canonical\" href=\"https:\/\/apmokkipalvelut.fi\/en\/\" \/>\n<meta property=\"og:locale\" content=\"en_US\" \/>\n<meta property=\"og:type\" content=\"article\" \/>\n<meta property=\"og:title\" content=\"Property Maintenance and Cottage Brokerage Services - AP M\u00f6kkipalvelut Oy, Ruka-Kuusamo\" \/>\n<meta property=\"og:description\" content=\"Kiinteist\u00f6nhuolto- ja m\u00f6kkiv\u00e4lityspalvelu Rukalla ja Kuusamossa. Palvelut siivouksesta huoltoon ja l\u00e4ht\u00f6tarkastuksiin.\" \/>\n<meta property=\"og:url\" content=\"https:\/\/apmokkipalvelut.fi\/en\/\" \/>\n<meta property=\"og:site_name\" content=\"AP M\u00f6kkipalvelut Oy, Ruka-Kuusamo\" \/>\n<meta property=\"article:modified_time\" content=\"2025-05-15T12:13:02+00:00\" \/>\n<meta property=\"og:image\" content=\"https:\/\/apmokkipalvelut.fi\/wp-content\/uploads\/2020\/09\/wood-1884339_1920.jpg\" \/>\n\t<meta property=\"og:image:width\" content=\"1920\" \/>\n\t<meta property=\"og:image:height\" content=\"1280\" \/>\n\t<meta property=\"og:image:type\" content=\"image\/jpeg\" \/>\n<meta name=\"twitter:card\" content=\"summary_large_image\" \/>\n<meta name=\"twitter:label1\" content=\"Est. reading time\" \/>\n\t<meta name=\"twitter:data1\" content=\"2 minutes\" \/>\n<script type=\"application\/ld+json\" class=\"yoast-schema-graph\">{\"@context\":\"https:\\\/\\\/schema.org\",\"@graph\":[{\"@type\":\"WebPage\",\"@id\":\"https:\\\/\\\/apmokkipalvelut.fi\\\/en\\\/\",\"url\":\"https:\\\/\\\/apmokkipalvelut.fi\\\/en\\\/\",\"name\":\"Property Maintenance and Cottage Brokerage Services - AP M\u00f6kkipalvelut Oy, Ruka-Kuusamo\",\"isPartOf\":{\"@id\":\"https:\\\/\\\/apmokkipalvelut.fi\\\/en\\\/#website\"},\"primaryImageOfPage\":{\"@id\":\"https:\\\/\\\/apmokkipalvelut.fi\\\/en\\\/#primaryimage\"},\"image\":{\"@id\":\"https:\\\/\\\/apmokkipalvelut.fi\\\/en\\\/#primaryimage\"},\"thumbnailUrl\":\"https:\\\/\\\/apmokkipalvelut.fi\\\/wp-content\\\/uploads\\\/2020\\\/09\\\/wood-1884339_1920.jpg\",\"datePublished\":\"2020-08-12T10:28:47+00:00\",\"dateModified\":\"2025-05-15T12:13:02+00:00\",\"description\":\"Kiinteist\u00f6nhuolto- ja m\u00f6kkiv\u00e4lityspalvelu Rukalla ja Kuusamossa. Palvelut siivouksesta huoltoon ja l\u00e4ht\u00f6tarkastuksiin.\",\"breadcrumb\":{\"@id\":\"https:\\\/\\\/apmokkipalvelut.fi\\\/en\\\/#breadcrumb\"},\"inLanguage\":\"en-US\",\"potentialAction\":[{\"@type\":\"ReadAction\",\"target\":[\"https:\\\/\\\/apmokkipalvelut.fi\\\/en\\\/\"]}]},{\"@type\":\"ImageObject\",\"inLanguage\":\"en-US\",\"@id\":\"https:\\\/\\\/apmokkipalvelut.fi\\\/en\\\/#primaryimage\",\"url\":\"https:\\\/\\\/apmokkipalvelut.fi\\\/wp-content\\\/uploads\\\/2020\\\/09\\\/wood-1884339_1920.jpg\",\"contentUrl\":\"https:\\\/\\\/apmokkipalvelut.fi\\\/wp-content\\\/uploads\\\/2020\\\/09\\\/wood-1884339_1920.jpg\",\"width\":1920,\"height\":1280},{\"@type\":\"BreadcrumbList\",\"@id\":\"https:\\\/\\\/apmokkipalvelut.fi\\\/en\\\/#breadcrumb\",\"itemListElement\":[{\"@type\":\"ListItem\",\"position\":1,\"name\":\"Etusivu\",\"item\":\"https:\\\/\\\/apmokkipalvelut.fi\\\/en\\\/\"},{\"@type\":\"ListItem\",\"position\":2,\"name\":\"Property Maintenance and Cottage Brokerage Services\"}]},{\"@type\":\"WebSite\",\"@id\":\"https:\\\/\\\/apmokkipalvelut.fi\\\/en\\\/#website\",\"url\":\"https:\\\/\\\/apmokkipalvelut.fi\\\/en\\\/\",\"name\":\"AP M\u00f6kkipalvelut Oy, Ruka-Kuusamo\",\"description\":\"kiinteist\u00f6nhuoltoa ja m\u00f6kkiv\u00e4lityst\u00e4\",\"potentialAction\":[{\"@type\":\"SearchAction\",\"target\":{\"@type\":\"EntryPoint\",\"urlTemplate\":\"https:\\\/\\\/apmokkipalvelut.fi\\\/en\\\/?s={search_term_string}\"},\"query-input\":{\"@type\":\"PropertyValueSpecification\",\"valueRequired\":true,\"valueName\":\"search_term_string\"}}],\"inLanguage\":\"en-US\"}]}<\/script>\n<!-- \/ Yoast SEO plugin. -->","yoast_head_json":{"title":"Property Maintenance and Cottage Brokerage Services - AP M\u00f6kkipalvelut Oy, Ruka-Kuusamo","description":"Kiinteist\u00f6nhuolto- ja m\u00f6kkiv\u00e4lityspalvelu Rukalla ja Kuusamossa. Palvelut siivouksesta huoltoon ja l\u00e4ht\u00f6tarkastuksiin.","robots":{"index":"index","follow":"follow","max-snippet":"max-snippet:-1","max-image-preview":"max-image-preview:large","max-video-preview":"max-video-preview:-1"},"canonical":"https:\/\/apmokkipalvelut.fi\/en\/","og_locale":"en_US","og_type":"article","og_title":"Property Maintenance and Cottage Brokerage Services - AP M\u00f6kkipalvelut Oy, Ruka-Kuusamo","og_description":"Kiinteist\u00f6nhuolto- ja m\u00f6kkiv\u00e4lityspalvelu Rukalla ja Kuusamossa. Palvelut siivouksesta huoltoon ja l\u00e4ht\u00f6tarkastuksiin.","og_url":"https:\/\/apmokkipalvelut.fi\/en\/","og_site_name":"AP M\u00f6kkipalvelut Oy, Ruka-Kuusamo","article_modified_time":"2025-05-15T12:13:02+00:00","og_image":[{"width":1920,"height":1280,"url":"https:\/\/apmokkipalvelut.fi\/wp-content\/uploads\/2020\/09\/wood-1884339_1920.jpg","type":"image\/jpeg"}],"twitter_card":"summary_large_image","twitter_misc":{"Est. reading time":"2 minutes"},"schema":{"@context":"https:\/\/schema.org","@graph":[{"@type":"WebPage","@id":"https:\/\/apmokkipalvelut.fi\/en\/","url":"https:\/\/apmokkipalvelut.fi\/en\/","name":"Property Maintenance and Cottage Brokerage Services - AP M\u00f6kkipalvelut Oy, Ruka-Kuusamo","isPartOf":{"@id":"https:\/\/apmokkipalvelut.fi\/en\/#website"},"primaryImageOfPage":{"@id":"https:\/\/apmokkipalvelut.fi\/en\/#primaryimage"},"image":{"@id":"https:\/\/apmokkipalvelut.fi\/en\/#primaryimage"},"thumbnailUrl":"https:\/\/apmokkipalvelut.fi\/wp-content\/uploads\/2020\/09\/wood-1884339_1920.jpg","datePublished":"2020-08-12T10:28:47+00:00","dateModified":"2025-05-15T12:13:02+00:00","description":"Kiinteist\u00f6nhuolto- ja m\u00f6kkiv\u00e4lityspalvelu Rukalla ja Kuusamossa. Palvelut siivouksesta huoltoon ja l\u00e4ht\u00f6tarkastuksiin.","breadcrumb":{"@id":"https:\/\/apmokkipalvelut.fi\/en\/#breadcrumb"},"inLanguage":"en-US","potentialAction":[{"@type":"ReadAction","target":["https:\/\/apmokkipalvelut.fi\/en\/"]}]},{"@type":"ImageObject","inLanguage":"en-US","@id":"https:\/\/apmokkipalvelut.fi\/en\/#primaryimage","url":"https:\/\/apmokkipalvelut.fi\/wp-content\/uploads\/2020\/09\/wood-1884339_1920.jpg","contentUrl":"https:\/\/apmokkipalvelut.fi\/wp-content\/uploads\/2020\/09\/wood-1884339_1920.jpg","width":1920,"height":1280},{"@type":"BreadcrumbList","@id":"https:\/\/apmokkipalvelut.fi\/en\/#breadcrumb","itemListElement":[{"@type":"ListItem","position":1,"name":"Etusivu","item":"https:\/\/apmokkipalvelut.fi\/en\/"},{"@type":"ListItem","position":2,"name":"Property Maintenance and Cottage Brokerage Services"}]},{"@type":"WebSite","@id":"https:\/\/apmokkipalvelut.fi\/en\/#website","url":"https:\/\/apmokkipalvelut.fi\/en\/","name":"AP M\u00f6kkipalvelut Oy, Ruka-Kuusamo","description":"kiinteist\u00f6nhuoltoa ja m\u00f6kkiv\u00e4lityst\u00e4","potentialAction":[{"@type":"SearchAction","target":{"@type":"EntryPoint","urlTemplate":"https:\/\/apmokkipalvelut.fi\/en\/?s={search_term_string}"},"query-input":{"@type":"PropertyValueSpecification","valueRequired":true,"valueName":"search_term_string"}}],"inLanguage":"en-US"}]}},"_links":{"self":[{"href":"https:\/\/apmokkipalvelut.fi\/en\/wp-json\/wp\/v2\/pages\/720","targetHints":{"allow":["GET"]}}],"collection":[{"href":"https:\/\/apmokkipalvelut.fi\/en\/wp-json\/wp\/v2\/pages"}],"about":[{"href":"https:\/\/apmokkipalvelut.fi\/en\/wp-json\/wp\/v2\/types\/page"}],"author":[{"embeddable":true,"href":"https:\/\/apmokkipalvelut.fi\/en\/wp-json\/wp\/v2\/users\/1"}],"replies":[{"embeddable":true,"href":"https:\/\/apmokkipalvelut.fi\/en\/wp-json\/wp\/v2\/comments?post=720"}],"version-history":[{"count":10,"href":"https:\/\/apmokkipalvelut.fi\/en\/wp-json\/wp\/v2\/pages\/720\/revisions"}],"predecessor-version":[{"id":41337,"href":"https:\/\/apmokkipalvelut.fi\/en\/wp-json\/wp\/v2\/pages\/720\/revisions\/41337"}],"wp:featuredmedia":[{"embeddable":true,"href":"https:\/\/apmokkipalvelut.fi\/en\/wp-json\/wp\/v2\/media\/804"}],"wp:attachment":[{"href":"https:\/\/apmokkipalvelut.fi\/en\/wp-json\/wp\/v2\/media?parent=720"}],"curies":[{"name":"wp","href":"https:\/\/api.w.org\/{rel}","templated":true}]}}