{"id":709,"date":"2020-09-30T12:50:45","date_gmt":"2020-09-30T09:50:45","guid":{"rendered":"https:\/\/apmokkipalvelut.fi\/?page_id=709"},"modified":"2025-05-15T15:28:58","modified_gmt":"2025-05-15T12:28:58","slug":"home-cleaning","status":"publish","type":"page","link":"https:\/\/apmokkipalvelut.fi\/en\/home-cleaning\/","title":{"rendered":"Home cleaning"},"content":{"rendered":"<ul>\n<li>\n<p>        <img decoding=\"async\" src=\"\/wp-content\/uploads\/2025\/05\/polyjen-pyyhkiminen.jpg\" alt=\"Home Cleaning\"><\/p>\n<h3>Home Cleaning<\/h3>\n<p>in Ruka-Kuusamo region<\/p>\n<\/li>\n<li>\n<p>        <img decoding=\"async\" src=\"\/wp-content\/uploads\/2025\/05\/ikkunan-pesu.jpg\" alt=\"Ikkunan pesut\"><\/p>\n<h3>Ikkunan pesut<\/h3>\n<\/li>\n<li>\n<p>        <img decoding=\"async\" src=\"\/wp-content\/uploads\/2025\/05\/muuttosiivoukset.jpg\" alt=\"Muuttosiivoukset\"><\/p>\n<h3>Muuttosiivoukset<\/h3>\n<\/li>\n<\/ul>\n<h2>Our Cleaning Services \u2013 spotless results for your home and holiday cabin<\/p>\n<\/h2>\n<div>\n<p>We offer professional and reliable cleaning services for both cabins and homes in the Ruka and Kuusamo area. You can book a one-time cleaning or schedule regular visits \u2013 tailored to your needs.<\/p>\n<\/div>\n<ul>\n<li>\n<div><strong>Deep Cleaning \u2013 \u20ac46.00\/hour<\/strong> <br \/>A thorough cleaning service for seasonal changeovers or before a big celebration. We clean all surfaces in your home or cabin from floor to ceiling.<\/div>\n<\/li>\n<li>\n<div><strong>Window Cleaning \u2013 \u20ac46.00\/hour<\/strong> <br \/>Clear views, restored! We clean windows thoroughly and safely, both inside and out.<\/div>\n<\/li>\n<li>\n<div><strong>Move-In\/Move-Out Cleaning \u2013 \u20ac46.00\/hour<\/strong> <br \/>We make your home or cabin sparkling clean for the next resident \u2013 or take care of the final cleaning so you don\u2019t have to.<\/div>\n<\/li>\n<li>\n<div><strong>Weekly Cleaning \u2013 \u20ac44.00\/hour<\/strong> <br \/>Regular cleaning keeps your cabin or home in great condition all year round. The service can be tailored to fit your specific needs.<\/div>\n<\/li>\n<\/ul>\n<div>\n<p>All cleaning services are available as one-time visits or on a regular contract basis. Contact us and let us know what kind of cleaning help you need \u2013 we\u2019ll take care of the rest!<\/p>\n<p>All prices include VAT (25.5%).<\/p>\n<\/div>\n<h1>New! Powerful eco-friendly cleaning<\/h1>\n<div>\n<p>Eco-Friendly Deep Cleaning with Thermostar Dry Steam System<\/p>\n<p><strong>We clean<\/strong><\/p>\n<ul>\n<li>Beds, upholstery, mattresses, carpets, and sofas<\/li>\n<li>Hard surfaces in living rooms, children&#8217;s rooms, and offices<\/li>\n<li>Bathrooms, toilets, and saunas<\/li>\n<li>Kitchens<\/li>\n<li>Glass doors, windows, and venetian blinds<\/li>\n<\/ul>\n<p>All this is done in an environmentally friendly way \u2013 without chemicals. The cleaning power comes from the combination of hot steam and pressure, eliminating the need for detergents. Thanks to the extremely hot and dry steam, textiles dry quickly and are ready for use in no time.<\/p>\n<\/div>\n<p><!--more--><br \/>\n<!-- {\"name\":\"ap\",\"type\":\"layout\",\"children\":[{\"name\":\"Cabins Exterior\",\"type\":\"section\",\"props\":{\"animation\":\"fade\",\"header_transparent\":true,\"header_transparent_noplaceholder\":true,\"header_transparent_text_color\":\"light\",\"height\":\"viewport\",\"height_viewport\":80,\"image_position\":\"center-right\",\"padding\":\"none\",\"padding_remove_top\":true,\"style\":\"default\",\"title_breakpoint\":\"xl\",\"title_position\":\"top-left\",\"title_rotation\":\"left\",\"vertical_align\":\"\",\"width\":\"\"},\"children\":[{\"type\":\"row\",\"children\":[{\"type\":\"column\",\"props\":{\"image_position\":\"center-center\",\"position_sticky_breakpoint\":\"m\"},\"children\":[{\"type\":\"slideshow\",\"props\":{\"link_style\":\"default\",\"link_text\":\"Read more\",\"margin\":\"default\",\"meta_align\":\"below-title\",\"meta_element\":\"div\",\"meta_style\":\"h3\",\"nav\":\"\",\"nav_align\":\"center\",\"nav_breakpoint\":\"s\",\"nav_position\":\"center-right\",\"nav_position_margin\":\"medium\",\"nav_vertical\":false,\"overlay_animation\":\"parallax\",\"overlay_position\":\"center\",\"show_content\":true,\"show_link\":true,\"show_meta\":true,\"show_thumbnail\":true,\"show_title\":true,\"slidenav\":\"default\",\"slidenav_breakpoint\":\"s\",\"slidenav_hover\":false,\"slidenav_large\":false,\"slidenav_margin\":\"medium\",\"slidenav_outside_breakpoint\":\"xl\",\"slideshow_autoplay_pause\":true,\"slideshow_height\":\"viewport\",\"slideshow_height_viewport\":80,\"slideshow_max_height\":\"500\",\"slideshow_min_height\":300,\"text_align\":\"center\",\"thumbnav_height\":\"75\",\"thumbnav_svg_color\":\"emphasis\",\"thumbnav_width\":\"100\",\"title_element\":\"h3\",\"title_font_family\":\"tertiary\",\"title_hover_style\":\"reset\",\"title_style\":\"heading-medium\"},\"children\":[{\"type\":\"slideshow_item\",\"props\":{\"content\":\"\",\"image\":\"wp-content\\\/uploads\\\/2025\\\/05\\\/polyjen-pyyhkiminen.jpg\",\"image_alt\":\"Home Cleaning\",\"media_overlay\":\"rgba(0, 0, 0, 0.22)\",\"meta\":\"in Ruka-Kuusamo region\",\"text_color\":\"light\",\"title\":\"Home Cleaning\"}},{\"type\":\"slideshow_item\",\"props\":{\"image\":\"wp-content\\\/uploads\\\/2025\\\/05\\\/ikkunan-pesu.jpg\",\"image_alt\":\"Ikkunan pesut\",\"media_overlay\":\"rgba(0, 0, 0, 0.22)\",\"text_color\":\"light\",\"title\":\"Ikkunan pesut\"}},{\"type\":\"slideshow_item\",\"props\":{\"image\":\"wp-content\\\/uploads\\\/2025\\\/05\\\/muuttosiivoukset.jpg\",\"image_alt\":\"Muuttosiivoukset\",\"media_overlay\":\"rgba(0, 0, 0, 0.22)\",\"text_color\":\"light\",\"title\":\"Muuttosiivoukset\"}}]}]}]}]},{\"type\":\"section\",\"props\":{\"image_position\":\"center-center\",\"padding\":\"none\",\"style\":\"default\",\"title_breakpoint\":\"xl\",\"title_position\":\"top-left\",\"title_rotation\":\"left\",\"vertical_align\":\"\",\"width\":\"\"},\"children\":[{\"type\":\"row\",\"props\":{\"column_gap\":\"small\",\"layout\":\"1-2,1-2\",\"margin\":\"remove-vertical\"},\"children\":[{\"type\":\"column\",\"props\":{\"image\":\"wp-content\\\/uploads\\\/2025\\\/05\\\/imurointi.jpg\",\"image_position\":\"center-center\",\"image_size\":\"cover\",\"media_overlay\":\"rgba(0, 0, 0, 0.28)\",\"media_visibility\":\"m\",\"padding\":\"none\",\"position_sticky_breakpoint\":\"m\",\"vertical_align\":\"middle\",\"width_medium\":\"1-2\"}},{\"type\":\"column\",\"props\":{\"image_position\":\"center-center\",\"position_sticky_breakpoint\":\"m\",\"style\":\"tile-default\",\"vertical_align\":\"middle\",\"width_medium\":\"1-2\"},\"children\":[{\"type\":\"headline\",\"props\":{\"content\":\"Our Cleaning Services \\u2013 spotless results for your home and holiday cabin\\n\\n\",\"title_element\":\"h2\",\"title_style\":\"h2\"}},{\"type\":\"text\",\"props\":{\"column_breakpoint\":\"m\",\"content\":\"\n\n<p>We offer professional and reliable cleaning services for both cabins and homes in the Ruka and Kuusamo area. You can book a one-time cleaning or schedule regular visits \\u2013 tailored to your needs.<\\\/p>\",\"margin\":\"default\"}},{\"type\":\"list\",\"props\":{\"column_breakpoint\":\"m\",\"image_align\":\"left\",\"image_svg_color\":\"emphasis\",\"image_vertical_align\":true,\"list_element\":\"ul\",\"list_horizontal_separator\":\", \",\"list_marker\":\"bullet\",\"list_type\":\"vertical\",\"position_right\":\"0\",\"show_image\":true,\"show_link\":true},\"children\":[{\"type\":\"list_item\",\"props\":{\"content\":\"<strong>Deep Cleaning \\u2013 \\u20ac46.00\\\/hour<\\\/strong> <br \\\/>A thorough cleaning service for seasonal changeovers or before a big celebration. We clean all surfaces in your home or cabin from floor to ceiling.\"}},{\"type\":\"list_item\",\"props\":{\"content\":\"<strong>Window Cleaning \\u2013 \\u20ac46.00\\\/hour<\\\/strong> <br \\\/>Clear views, restored! We clean windows thoroughly and safely, both inside and out.\"}},{\"type\":\"list_item\",\"props\":{\"content\":\"<strong>Move-In\\\/Move-Out Cleaning \\u2013 \\u20ac46.00\\\/hour<\\\/strong> <br \\\/>We make your home or cabin sparkling clean for the next resident \\u2013 or take care of the final cleaning so you don\\u2019t have to.\"}},{\"type\":\"list_item\",\"props\":{\"content\":\"<strong>Weekly Cleaning \\u2013 \\u20ac44.00\\\/hour<\\\/strong> <br \\\/>Regular cleaning keeps your cabin or home in great condition all year round. The service can be tailored to fit your specific needs.\"}}]},{\"type\":\"text\",\"props\":{\"column_breakpoint\":\"m\",\"content\":\"\n\n<p>All cleaning services are available as one-time visits or on a regular contract basis. Contact us and let us know what kind of cleaning help you need \\u2013 we\\u2019ll take care of the rest!<\\\/p>\\n\n\n<p>All prices include VAT (25.5%).<\\\/p>\",\"margin\":\"default\"}}]}]}],\"modified\":\"2020-10-19T07:55:47.517Z\",\"name\":\"esittely\"},{\"type\":\"section\",\"props\":{\"image_position\":\"center-center\",\"preserve_color\":true,\"style\":\"primary\",\"title_breakpoint\":\"xl\",\"title_position\":\"top-left\",\"title_rotation\":\"left\",\"vertical_align\":\"middle\",\"width\":\"default\"},\"children\":[{\"type\":\"row\",\"props\":{\"column_gap\":\"collapse\",\"layout\":\"2-3,1-3\",\"row_gap\":\"collapse\"},\"children\":[{\"type\":\"column\",\"props\":{\"image_position\":\"center-center\",\"position_sticky_breakpoint\":\"m\",\"style\":\"tile-default\",\"width_medium\":\"2-3\",\"width_small\":\"1-2\"},\"children\":[{\"type\":\"headline\",\"props\":{\"content\":\"New! Powerful eco-friendly cleaning\",\"title_element\":\"h1\"}},{\"type\":\"text\",\"props\":{\"column_breakpoint\":\"m\",\"content\":\"\n\n<p>Eco-Friendly Deep Cleaning with Thermostar Dry Steam System<\\\/p>\\n\n\n<p><strong>We clean<\\\/strong><\\\/p>\\n\n\n<ul>\\n\n\n<li>Beds, upholstery, mattresses, carpets, and sofas<\\\/li>\\n\n\n<li>Hard surfaces in living rooms, children's rooms, and offices<\\\/li>\\n\n\n<li>Bathrooms, toilets, and saunas<\\\/li>\\n\n\n<li>Kitchens<\\\/li>\\n\n\n<li>Glass doors, windows, and venetian blinds<\\\/li>\\n<\\\/ul>\\n\n\n<p>All this is done in an environmentally friendly way \\u2013 without chemicals. The cleaning power comes from the combination of hot steam and pressure, eliminating the need for detergents. Thanks to the extremely hot and dry steam, textiles dry quickly and are ready for use in no time.<\\\/p>\",\"margin\":\"default\"}}]},{\"type\":\"column\",\"props\":{\"image_position\":\"center-center\",\"position_sticky_breakpoint\":\"m\",\"style\":\"tile-default\",\"video\":\"https:\\\/\\\/vimeo.com\\\/1084560707?share=copy\",\"video_height\":1080,\"video_width\":1280,\"width_medium\":\"1-3\",\"width_small\":\"1-2\"}}]}],\"name\":\"thermostar 2\"}],\"version\":\"4.5.15\"} --><\/p>\n","protected":false},"excerpt":{"rendered":"<p>Home Cleaning in Ruka-Kuusamo region Ikkunan pesut Muuttosiivoukset Our Cleaning Services \u2013 spotless results for your home and holiday cabin We offer professional and reliable cleaning services for both cabins and homes in the Ruka and Kuusamo area. You can book a one-time cleaning or schedule regular visits \u2013 tailored to your needs. Deep Cleaning [&hellip;]<\/p>\n","protected":false},"author":1,"featured_media":761,"parent":0,"menu_order":0,"comment_status":"closed","ping_status":"closed","template":"","meta":{"footnotes":""},"class_list":["post-709","page","type-page","status-publish","has-post-thumbnail","hentry"],"yoast_head":"<!-- This site is optimized with the Yoast SEO plugin v27.4 - https:\/\/yoast.com\/product\/yoast-seo-wordpress\/ -->\n<title>Home cleaning - AP M\u00f6kkipalvelut Oy, Ruka-Kuusamo<\/title>\n<meta name=\"description\" content=\"Kotisiivouspalveluita Kuusamon ja Rukan alueella.\" \/>\n<meta name=\"robots\" content=\"index, follow, max-snippet:-1, max-image-preview:large, max-video-preview:-1\" \/>\n<link rel=\"canonical\" href=\"https:\/\/apmokkipalvelut.fi\/en\/home-cleaning\/\" \/>\n<meta property=\"og:locale\" content=\"en_US\" \/>\n<meta property=\"og:type\" content=\"article\" \/>\n<meta property=\"og:title\" content=\"Home cleaning - AP M\u00f6kkipalvelut Oy, Ruka-Kuusamo\" \/>\n<meta property=\"og:description\" content=\"Kotisiivouspalveluita Kuusamon ja Rukan alueella.\" \/>\n<meta property=\"og:url\" content=\"https:\/\/apmokkipalvelut.fi\/en\/home-cleaning\/\" \/>\n<meta property=\"og:site_name\" content=\"AP M\u00f6kkipalvelut Oy, Ruka-Kuusamo\" \/>\n<meta property=\"article:modified_time\" content=\"2025-05-15T12:28:58+00:00\" \/>\n<meta property=\"og:image\" content=\"https:\/\/apmokkipalvelut.fi\/wp-content\/uploads\/2020\/10\/ap-mokkipalvelut1.jpg\" \/>\n\t<meta property=\"og:image:width\" content=\"800\" \/>\n\t<meta property=\"og:image:height\" content=\"534\" \/>\n\t<meta property=\"og:image:type\" content=\"image\/jpeg\" \/>\n<meta name=\"twitter:card\" content=\"summary_large_image\" \/>\n<meta name=\"twitter:label1\" content=\"Est. reading time\" \/>\n\t<meta name=\"twitter:data1\" content=\"3 minutes\" \/>\n<script type=\"application\/ld+json\" class=\"yoast-schema-graph\">{\"@context\":\"https:\\\/\\\/schema.org\",\"@graph\":[{\"@type\":\"WebPage\",\"@id\":\"https:\\\/\\\/apmokkipalvelut.fi\\\/en\\\/home-cleaning\\\/\",\"url\":\"https:\\\/\\\/apmokkipalvelut.fi\\\/en\\\/home-cleaning\\\/\",\"name\":\"Home cleaning - AP M\u00f6kkipalvelut Oy, Ruka-Kuusamo\",\"isPartOf\":{\"@id\":\"https:\\\/\\\/apmokkipalvelut.fi\\\/en\\\/#website\"},\"primaryImageOfPage\":{\"@id\":\"https:\\\/\\\/apmokkipalvelut.fi\\\/en\\\/home-cleaning\\\/#primaryimage\"},\"image\":{\"@id\":\"https:\\\/\\\/apmokkipalvelut.fi\\\/en\\\/home-cleaning\\\/#primaryimage\"},\"thumbnailUrl\":\"https:\\\/\\\/apmokkipalvelut.fi\\\/wp-content\\\/uploads\\\/2020\\\/10\\\/ap-mokkipalvelut1.jpg\",\"datePublished\":\"2020-09-30T09:50:45+00:00\",\"dateModified\":\"2025-05-15T12:28:58+00:00\",\"description\":\"Kotisiivouspalveluita Kuusamon ja Rukan alueella.\",\"breadcrumb\":{\"@id\":\"https:\\\/\\\/apmokkipalvelut.fi\\\/en\\\/home-cleaning\\\/#breadcrumb\"},\"inLanguage\":\"en-US\",\"potentialAction\":[{\"@type\":\"ReadAction\",\"target\":[\"https:\\\/\\\/apmokkipalvelut.fi\\\/en\\\/home-cleaning\\\/\"]}]},{\"@type\":\"ImageObject\",\"inLanguage\":\"en-US\",\"@id\":\"https:\\\/\\\/apmokkipalvelut.fi\\\/en\\\/home-cleaning\\\/#primaryimage\",\"url\":\"https:\\\/\\\/apmokkipalvelut.fi\\\/wp-content\\\/uploads\\\/2020\\\/10\\\/ap-mokkipalvelut1.jpg\",\"contentUrl\":\"https:\\\/\\\/apmokkipalvelut.fi\\\/wp-content\\\/uploads\\\/2020\\\/10\\\/ap-mokkipalvelut1.jpg\",\"width\":800,\"height\":534},{\"@type\":\"BreadcrumbList\",\"@id\":\"https:\\\/\\\/apmokkipalvelut.fi\\\/en\\\/home-cleaning\\\/#breadcrumb\",\"itemListElement\":[{\"@type\":\"ListItem\",\"position\":1,\"name\":\"Etusivu\",\"item\":\"https:\\\/\\\/apmokkipalvelut.fi\\\/en\\\/\"},{\"@type\":\"ListItem\",\"position\":2,\"name\":\"Home cleaning\"}]},{\"@type\":\"WebSite\",\"@id\":\"https:\\\/\\\/apmokkipalvelut.fi\\\/en\\\/#website\",\"url\":\"https:\\\/\\\/apmokkipalvelut.fi\\\/en\\\/\",\"name\":\"AP M\u00f6kkipalvelut Oy, Ruka-Kuusamo\",\"description\":\"kiinteist\u00f6nhuoltoa ja m\u00f6kkiv\u00e4lityst\u00e4\",\"potentialAction\":[{\"@type\":\"SearchAction\",\"target\":{\"@type\":\"EntryPoint\",\"urlTemplate\":\"https:\\\/\\\/apmokkipalvelut.fi\\\/en\\\/?s={search_term_string}\"},\"query-input\":{\"@type\":\"PropertyValueSpecification\",\"valueRequired\":true,\"valueName\":\"search_term_string\"}}],\"inLanguage\":\"en-US\"}]}<\/script>\n<!-- \/ Yoast SEO plugin. -->","yoast_head_json":{"title":"Home cleaning - AP M\u00f6kkipalvelut Oy, Ruka-Kuusamo","description":"Kotisiivouspalveluita Kuusamon ja Rukan alueella.","robots":{"index":"index","follow":"follow","max-snippet":"max-snippet:-1","max-image-preview":"max-image-preview:large","max-video-preview":"max-video-preview:-1"},"canonical":"https:\/\/apmokkipalvelut.fi\/en\/home-cleaning\/","og_locale":"en_US","og_type":"article","og_title":"Home cleaning - AP M\u00f6kkipalvelut Oy, Ruka-Kuusamo","og_description":"Kotisiivouspalveluita Kuusamon ja Rukan alueella.","og_url":"https:\/\/apmokkipalvelut.fi\/en\/home-cleaning\/","og_site_name":"AP M\u00f6kkipalvelut Oy, Ruka-Kuusamo","article_modified_time":"2025-05-15T12:28:58+00:00","og_image":[{"width":800,"height":534,"url":"https:\/\/apmokkipalvelut.fi\/wp-content\/uploads\/2020\/10\/ap-mokkipalvelut1.jpg","type":"image\/jpeg"}],"twitter_card":"summary_large_image","twitter_misc":{"Est. reading time":"3 minutes"},"schema":{"@context":"https:\/\/schema.org","@graph":[{"@type":"WebPage","@id":"https:\/\/apmokkipalvelut.fi\/en\/home-cleaning\/","url":"https:\/\/apmokkipalvelut.fi\/en\/home-cleaning\/","name":"Home cleaning - AP M\u00f6kkipalvelut Oy, Ruka-Kuusamo","isPartOf":{"@id":"https:\/\/apmokkipalvelut.fi\/en\/#website"},"primaryImageOfPage":{"@id":"https:\/\/apmokkipalvelut.fi\/en\/home-cleaning\/#primaryimage"},"image":{"@id":"https:\/\/apmokkipalvelut.fi\/en\/home-cleaning\/#primaryimage"},"thumbnailUrl":"https:\/\/apmokkipalvelut.fi\/wp-content\/uploads\/2020\/10\/ap-mokkipalvelut1.jpg","datePublished":"2020-09-30T09:50:45+00:00","dateModified":"2025-05-15T12:28:58+00:00","description":"Kotisiivouspalveluita Kuusamon ja Rukan alueella.","breadcrumb":{"@id":"https:\/\/apmokkipalvelut.fi\/en\/home-cleaning\/#breadcrumb"},"inLanguage":"en-US","potentialAction":[{"@type":"ReadAction","target":["https:\/\/apmokkipalvelut.fi\/en\/home-cleaning\/"]}]},{"@type":"ImageObject","inLanguage":"en-US","@id":"https:\/\/apmokkipalvelut.fi\/en\/home-cleaning\/#primaryimage","url":"https:\/\/apmokkipalvelut.fi\/wp-content\/uploads\/2020\/10\/ap-mokkipalvelut1.jpg","contentUrl":"https:\/\/apmokkipalvelut.fi\/wp-content\/uploads\/2020\/10\/ap-mokkipalvelut1.jpg","width":800,"height":534},{"@type":"BreadcrumbList","@id":"https:\/\/apmokkipalvelut.fi\/en\/home-cleaning\/#breadcrumb","itemListElement":[{"@type":"ListItem","position":1,"name":"Etusivu","item":"https:\/\/apmokkipalvelut.fi\/en\/"},{"@type":"ListItem","position":2,"name":"Home cleaning"}]},{"@type":"WebSite","@id":"https:\/\/apmokkipalvelut.fi\/en\/#website","url":"https:\/\/apmokkipalvelut.fi\/en\/","name":"AP M\u00f6kkipalvelut Oy, Ruka-Kuusamo","description":"kiinteist\u00f6nhuoltoa ja m\u00f6kkiv\u00e4lityst\u00e4","potentialAction":[{"@type":"SearchAction","target":{"@type":"EntryPoint","urlTemplate":"https:\/\/apmokkipalvelut.fi\/en\/?s={search_term_string}"},"query-input":{"@type":"PropertyValueSpecification","valueRequired":true,"valueName":"search_term_string"}}],"inLanguage":"en-US"}]}},"_links":{"self":[{"href":"https:\/\/apmokkipalvelut.fi\/en\/wp-json\/wp\/v2\/pages\/709","targetHints":{"allow":["GET"]}}],"collection":[{"href":"https:\/\/apmokkipalvelut.fi\/en\/wp-json\/wp\/v2\/pages"}],"about":[{"href":"https:\/\/apmokkipalvelut.fi\/en\/wp-json\/wp\/v2\/types\/page"}],"author":[{"embeddable":true,"href":"https:\/\/apmokkipalvelut.fi\/en\/wp-json\/wp\/v2\/users\/1"}],"replies":[{"embeddable":true,"href":"https:\/\/apmokkipalvelut.fi\/en\/wp-json\/wp\/v2\/comments?post=709"}],"version-history":[{"count":10,"href":"https:\/\/apmokkipalvelut.fi\/en\/wp-json\/wp\/v2\/pages\/709\/revisions"}],"predecessor-version":[{"id":41359,"href":"https:\/\/apmokkipalvelut.fi\/en\/wp-json\/wp\/v2\/pages\/709\/revisions\/41359"}],"wp:featuredmedia":[{"embeddable":true,"href":"https:\/\/apmokkipalvelut.fi\/en\/wp-json\/wp\/v2\/media\/761"}],"wp:attachment":[{"href":"https:\/\/apmokkipalvelut.fi\/en\/wp-json\/wp\/v2\/media?parent=709"}],"curies":[{"name":"wp","href":"https:\/\/api.w.org\/{rel}","templated":true}]}}