{"id":672,"date":"2020-08-12T15:59:11","date_gmt":"2020-08-12T12:59:11","guid":{"rendered":"https:\/\/apmokkipalvelut.fi\/otayhteytta\/"},"modified":"2025-05-16T08:55:19","modified_gmt":"2025-05-16T05:55:19","slug":"contact-us","status":"publish","type":"page","link":"https:\/\/apmokkipalvelut.fi\/en\/contact-us\/","title":{"rendered":"Contact us"},"content":{"rendered":"<ul>\n<li>\n<p>        <img decoding=\"async\" src=\"\/wp-content\/uploads\/2025\/05\/polttopuut-takka.jpg\" alt=\"Comprehensive cabin care services\"><\/p>\n<h3>Comprehensive cabin care services<\/h3>\n<p>in Ruka-Kuusamo region<\/p>\n<\/li>\n<li>\n<p>        <img decoding=\"async\" src=\"\/wp-content\/uploads\/2020\/09\/towel-759980_1920.jpg\" alt=\"Cabin Cleaning and Linen Services\"><\/p>\n<h3>Cabin Cleaning and Linen Services<\/h3>\n<\/li>\n<li>\n<p>        <img decoding=\"async\" src=\"\/wp-content\/uploads\/2020\/10\/ap-mokkipalvelut-me1-1.jpg\" alt=\"Property Maintenance Services\"><\/p>\n<h3>Property Maintenance Services<\/h3>\n<p>in Ruka-Kuusamo region<\/p>\n<\/li>\n<\/ul>\n<h2>\n<p>Contact information<\/p>\n<\/h2>\n<div>\n<p>Anu Parkkisenniemi<br \/><a href=\"tel: +358407298538\">040 729 8538<\/a><br \/><a href=\"https:\/\/wa.me\/358407298538\">WhatsApp<\/a><\/p>\n<p>Aki Tauriainen<br \/><a href=\"tel: +358400245707\">0400 245 707<\/a><br \/><a href=\"https:\/\/wa.me\/358400245707\">WhatsApp<\/a><\/p>\n<p><a href=\"mailto:apmokkipalvelut@gmail.com\">apmokkipalvelut@gmail.com<\/a><\/p>\n<\/div>\n<p><p>\n        <a href=\"https:\/\/www.facebook.com\/mokkipalvelut\">Facebook<\/a>\n    <\/p>\n<\/p>\n<p><!--more--><br \/>\n<!-- {\"name\":\"Cabins\",\"type\":\"layout\",\"children\":[{\"type\":\"section\",\"props\":{\"header_transparent\":true,\"header_transparent_noplaceholder\":true,\"height\":\"viewport\",\"height_viewport\":80,\"image_position\":\"top-right\",\"media_overlay\":\"rgba(0, 0, 0, 0.06)\",\"padding\":\"none\",\"padding_remove_top\":true,\"style\":\"default\",\"title_breakpoint\":\"xl\",\"title_position\":\"top-left\",\"title_rotation\":\"left\",\"vertical_align\":\"\",\"width\":\"\"},\"children\":[{\"type\":\"row\",\"children\":[{\"type\":\"column\",\"props\":{\"image_position\":\"center-center\",\"position_sticky_breakpoint\":\"m\"},\"children\":[{\"type\":\"slideshow\",\"props\":{\"link_style\":\"default\",\"link_text\":\"Read more\",\"margin\":\"default\",\"meta_align\":\"below-title\",\"meta_element\":\"div\",\"meta_style\":\"h3\",\"nav\":\"\",\"nav_align\":\"center\",\"nav_breakpoint\":\"s\",\"nav_position\":\"bottom-center\",\"nav_position_margin\":\"medium\",\"overlay_animation\":\"parallax\",\"overlay_position\":\"center\",\"show_content\":true,\"show_link\":true,\"show_meta\":true,\"show_thumbnail\":true,\"show_title\":true,\"slidenav\":\"default\",\"slidenav_breakpoint\":\"s\",\"slidenav_margin\":\"medium\",\"slidenav_outside_breakpoint\":\"xl\",\"slideshow_autoplay\":true,\"slideshow_autoplay_pause\":true,\"slideshow_height\":\"viewport\",\"slideshow_height_viewport\":80,\"slideshow_max_height\":\"500\",\"slideshow_min_height\":300,\"text_align\":\"center\",\"thumbnav_height\":\"75\",\"thumbnav_svg_color\":\"emphasis\",\"thumbnav_width\":\"100\",\"title_element\":\"h3\",\"title_font_family\":\"tertiary\",\"title_hover_style\":\"reset\",\"title_style\":\"heading-small\"},\"children\":[{\"type\":\"slideshow_item\",\"props\":{\"image\":\"wp-content\\\/uploads\\\/2025\\\/05\\\/polttopuut-takka.jpg\",\"image_alt\":\"Comprehensive cabin care services\",\"meta\":\"in Ruka-Kuusamo region\",\"text_color\":\"light\",\"title\":\"Comprehensive cabin care services\"}},{\"type\":\"slideshow_item\",\"props\":{\"image\":\"wp-content\\\/uploads\\\/2020\\\/09\\\/towel-759980_1920.jpg\",\"image_alt\":\"Cabin Cleaning and Linen Services\",\"text_color\":\"light\",\"title\":\"Cabin Cleaning and Linen Services\"}},{\"type\":\"slideshow_item\",\"props\":{\"content\":\"\",\"image\":\"wp-content\\\/uploads\\\/2020\\\/10\\\/ap-mokkipalvelut-me1-1.jpg\",\"image_alt\":\"Property Maintenance Services\",\"meta\":\"in Ruka-Kuusamo region\",\"text_color\":\"light\",\"title\":\"Property Maintenance Services\"}}]}]}]}]},{\"type\":\"section\",\"props\":{\"image_position\":\"center-center\",\"padding\":\"none\",\"style\":\"default\",\"title_breakpoint\":\"xl\",\"title_position\":\"top-left\",\"title_rotation\":\"left\",\"vertical_align\":\"middle\",\"width\":\"default\"},\"children\":[{\"type\":\"row\",\"children\":[{\"type\":\"column\",\"props\":{\"image\":\"wp-content\\\/uploads\\\/2020\\\/10\\\/ap.jpg\",\"image_position\":\"center-center\",\"image_size\":\"cover\",\"media_visibility\":\"s\",\"padding\":\"none\",\"position_sticky_breakpoint\":\"m\",\"vertical_align\":\"middle\",\"width_medium\":\"2-3\"}},{\"type\":\"column\",\"props\":{\"image_position\":\"center-center\",\"position_sticky_breakpoint\":\"m\",\"style\":\"tile-default\",\"vertical_align\":\"middle\",\"width_medium\":\"1-3\"},\"children\":[{\"type\":\"headline\",\"props\":{\"content\":\"\n\n<p>Contact information<\\\/p>\",\"text_align\":\"left\",\"text_align_breakpoint\":\"m\",\"text_align_fallback\":\"center\",\"title_element\":\"h2\",\"title_style\":\"h2\"}},{\"type\":\"text\",\"props\":{\"column_breakpoint\":\"m\",\"content\":\"\n\n<p>Anu Parkkisenniemi<br \\\/><a href=\\\"tel: +358407298538\\\">040 729 8538<\\\/a><br \\\/><a href=\\\"https:\\\/\\\/wa.me\\\/358407298538\\\">WhatsApp<\\\/a><\\\/p>\\n\n\n<p>Aki Tauriainen<br \\\/><a href=\\\"tel: +358400245707\\\">0400 245 707<\\\/a><br \\\/><a href=\\\"https:\\\/\\\/wa.me\\\/358400245707\\\">WhatsApp<\\\/a><\\\/p>\\n\n\n<p><a href=\\\"mailto:apmokkipalvelut@gmail.com\\\">apmokkipalvelut@gmail.com<\\\/a><\\\/p>\",\"margin\":\"default\",\"text_align\":\"left\",\"text_align_breakpoint\":\"m\",\"text_align_fallback\":\"center\",\"text_style\":\"lead\"}},{\"type\":\"button\",\"props\":{\"grid_column_gap\":\"small\",\"grid_row_gap\":\"small\",\"margin\":\"default\",\"text_align\":\"left\",\"text_align_breakpoint\":\"m\",\"text_align_fallback\":\"center\"},\"children\":[{\"type\":\"button_item\",\"props\":{\"button_style\":\"default\",\"content\":\"Facebook\",\"dialog_layout\":\"modal\",\"dialog_offcanvas_flip\":true,\"icon\":\"facebook\",\"icon_align\":\"left\",\"link\":\"https:\\\/\\\/www.facebook.com\\\/mokkipalvelut\",\"link_target\":\"blank\"}}]}]}],\"props\":{\"column_gap\":\"small\",\"layout\":\"2-3,1-3\",\"margin\":\"remove-vertical\",\"row_gap\":\"collapse\"}}]}],\"version\":\"4.5.15\"} --><\/p>\n","protected":false},"excerpt":{"rendered":"<p>Comprehensive cabin care services in Ruka-Kuusamo region Cabin Cleaning and Linen Services Property Maintenance Services in Ruka-Kuusamo region Contact information Anu Parkkisenniemi040 729 8538WhatsApp Aki Tauriainen0400 245 707WhatsApp apmokkipalvelut@gmail.com Facebook<\/p>\n","protected":false},"author":1,"featured_media":795,"parent":0,"menu_order":0,"comment_status":"closed","ping_status":"closed","template":"","meta":{"footnotes":""},"class_list":["post-672","page","type-page","status-publish","has-post-thumbnail","hentry"],"yoast_head":"<!-- This site is optimized with the Yoast SEO plugin v27.4 - https:\/\/yoast.com\/product\/yoast-seo-wordpress\/ -->\n<title>Contact us - AP M\u00f6kkipalvelut Oy, Ruka-Kuusamo<\/title>\n<meta name=\"description\" content=\"AP M\u00f6kkipalvelut yhteystiedot.\" \/>\n<meta name=\"robots\" content=\"index, follow, max-snippet:-1, max-image-preview:large, max-video-preview:-1\" \/>\n<link rel=\"canonical\" href=\"https:\/\/apmokkipalvelut.fi\/en\/contact-us\/\" \/>\n<meta property=\"og:locale\" content=\"en_US\" \/>\n<meta property=\"og:type\" content=\"article\" \/>\n<meta property=\"og:title\" content=\"Contact us - AP M\u00f6kkipalvelut Oy, Ruka-Kuusamo\" \/>\n<meta property=\"og:description\" content=\"AP M\u00f6kkipalvelut yhteystiedot.\" \/>\n<meta property=\"og:url\" content=\"https:\/\/apmokkipalvelut.fi\/en\/contact-us\/\" \/>\n<meta property=\"og:site_name\" content=\"AP M\u00f6kkipalvelut Oy, Ruka-Kuusamo\" \/>\n<meta property=\"article:modified_time\" content=\"2025-05-16T05:55:19+00:00\" \/>\n<meta property=\"og:image\" content=\"https:\/\/apmokkipalvelut.fi\/wp-content\/uploads\/2020\/10\/ap-mokkipalvelut_me.jpg\" \/>\n\t<meta property=\"og:image:width\" content=\"2000\" \/>\n\t<meta property=\"og:image:height\" content=\"1333\" \/>\n\t<meta property=\"og:image:type\" content=\"image\/jpeg\" \/>\n<meta name=\"twitter:card\" content=\"summary_large_image\" \/>\n<meta name=\"twitter:label1\" content=\"Est. reading time\" \/>\n\t<meta name=\"twitter:data1\" content=\"2 minutes\" \/>\n<script type=\"application\/ld+json\" class=\"yoast-schema-graph\">{\"@context\":\"https:\\\/\\\/schema.org\",\"@graph\":[{\"@type\":\"WebPage\",\"@id\":\"https:\\\/\\\/apmokkipalvelut.fi\\\/en\\\/contact-us\\\/\",\"url\":\"https:\\\/\\\/apmokkipalvelut.fi\\\/en\\\/contact-us\\\/\",\"name\":\"Contact us - AP M\u00f6kkipalvelut Oy, Ruka-Kuusamo\",\"isPartOf\":{\"@id\":\"https:\\\/\\\/apmokkipalvelut.fi\\\/en\\\/#website\"},\"primaryImageOfPage\":{\"@id\":\"https:\\\/\\\/apmokkipalvelut.fi\\\/en\\\/contact-us\\\/#primaryimage\"},\"image\":{\"@id\":\"https:\\\/\\\/apmokkipalvelut.fi\\\/en\\\/contact-us\\\/#primaryimage\"},\"thumbnailUrl\":\"https:\\\/\\\/apmokkipalvelut.fi\\\/wp-content\\\/uploads\\\/2020\\\/10\\\/ap-mokkipalvelut_me.jpg\",\"datePublished\":\"2020-08-12T12:59:11+00:00\",\"dateModified\":\"2025-05-16T05:55:19+00:00\",\"description\":\"AP M\u00f6kkipalvelut yhteystiedot.\",\"breadcrumb\":{\"@id\":\"https:\\\/\\\/apmokkipalvelut.fi\\\/en\\\/contact-us\\\/#breadcrumb\"},\"inLanguage\":\"en-US\",\"potentialAction\":[{\"@type\":\"ReadAction\",\"target\":[\"https:\\\/\\\/apmokkipalvelut.fi\\\/en\\\/contact-us\\\/\"]}]},{\"@type\":\"ImageObject\",\"inLanguage\":\"en-US\",\"@id\":\"https:\\\/\\\/apmokkipalvelut.fi\\\/en\\\/contact-us\\\/#primaryimage\",\"url\":\"https:\\\/\\\/apmokkipalvelut.fi\\\/wp-content\\\/uploads\\\/2020\\\/10\\\/ap-mokkipalvelut_me.jpg\",\"contentUrl\":\"https:\\\/\\\/apmokkipalvelut.fi\\\/wp-content\\\/uploads\\\/2020\\\/10\\\/ap-mokkipalvelut_me.jpg\",\"width\":2000,\"height\":1333},{\"@type\":\"BreadcrumbList\",\"@id\":\"https:\\\/\\\/apmokkipalvelut.fi\\\/en\\\/contact-us\\\/#breadcrumb\",\"itemListElement\":[{\"@type\":\"ListItem\",\"position\":1,\"name\":\"Etusivu\",\"item\":\"https:\\\/\\\/apmokkipalvelut.fi\\\/en\\\/\"},{\"@type\":\"ListItem\",\"position\":2,\"name\":\"Contact us\"}]},{\"@type\":\"WebSite\",\"@id\":\"https:\\\/\\\/apmokkipalvelut.fi\\\/en\\\/#website\",\"url\":\"https:\\\/\\\/apmokkipalvelut.fi\\\/en\\\/\",\"name\":\"AP M\u00f6kkipalvelut Oy, Ruka-Kuusamo\",\"description\":\"kiinteist\u00f6nhuoltoa ja m\u00f6kkiv\u00e4lityst\u00e4\",\"potentialAction\":[{\"@type\":\"SearchAction\",\"target\":{\"@type\":\"EntryPoint\",\"urlTemplate\":\"https:\\\/\\\/apmokkipalvelut.fi\\\/en\\\/?s={search_term_string}\"},\"query-input\":{\"@type\":\"PropertyValueSpecification\",\"valueRequired\":true,\"valueName\":\"search_term_string\"}}],\"inLanguage\":\"en-US\"}]}<\/script>\n<!-- \/ Yoast SEO plugin. -->","yoast_head_json":{"title":"Contact us - AP M\u00f6kkipalvelut Oy, Ruka-Kuusamo","description":"AP M\u00f6kkipalvelut yhteystiedot.","robots":{"index":"index","follow":"follow","max-snippet":"max-snippet:-1","max-image-preview":"max-image-preview:large","max-video-preview":"max-video-preview:-1"},"canonical":"https:\/\/apmokkipalvelut.fi\/en\/contact-us\/","og_locale":"en_US","og_type":"article","og_title":"Contact us - AP M\u00f6kkipalvelut Oy, Ruka-Kuusamo","og_description":"AP M\u00f6kkipalvelut yhteystiedot.","og_url":"https:\/\/apmokkipalvelut.fi\/en\/contact-us\/","og_site_name":"AP M\u00f6kkipalvelut Oy, Ruka-Kuusamo","article_modified_time":"2025-05-16T05:55:19+00:00","og_image":[{"width":2000,"height":1333,"url":"https:\/\/apmokkipalvelut.fi\/wp-content\/uploads\/2020\/10\/ap-mokkipalvelut_me.jpg","type":"image\/jpeg"}],"twitter_card":"summary_large_image","twitter_misc":{"Est. reading time":"2 minutes"},"schema":{"@context":"https:\/\/schema.org","@graph":[{"@type":"WebPage","@id":"https:\/\/apmokkipalvelut.fi\/en\/contact-us\/","url":"https:\/\/apmokkipalvelut.fi\/en\/contact-us\/","name":"Contact us - AP M\u00f6kkipalvelut Oy, Ruka-Kuusamo","isPartOf":{"@id":"https:\/\/apmokkipalvelut.fi\/en\/#website"},"primaryImageOfPage":{"@id":"https:\/\/apmokkipalvelut.fi\/en\/contact-us\/#primaryimage"},"image":{"@id":"https:\/\/apmokkipalvelut.fi\/en\/contact-us\/#primaryimage"},"thumbnailUrl":"https:\/\/apmokkipalvelut.fi\/wp-content\/uploads\/2020\/10\/ap-mokkipalvelut_me.jpg","datePublished":"2020-08-12T12:59:11+00:00","dateModified":"2025-05-16T05:55:19+00:00","description":"AP M\u00f6kkipalvelut yhteystiedot.","breadcrumb":{"@id":"https:\/\/apmokkipalvelut.fi\/en\/contact-us\/#breadcrumb"},"inLanguage":"en-US","potentialAction":[{"@type":"ReadAction","target":["https:\/\/apmokkipalvelut.fi\/en\/contact-us\/"]}]},{"@type":"ImageObject","inLanguage":"en-US","@id":"https:\/\/apmokkipalvelut.fi\/en\/contact-us\/#primaryimage","url":"https:\/\/apmokkipalvelut.fi\/wp-content\/uploads\/2020\/10\/ap-mokkipalvelut_me.jpg","contentUrl":"https:\/\/apmokkipalvelut.fi\/wp-content\/uploads\/2020\/10\/ap-mokkipalvelut_me.jpg","width":2000,"height":1333},{"@type":"BreadcrumbList","@id":"https:\/\/apmokkipalvelut.fi\/en\/contact-us\/#breadcrumb","itemListElement":[{"@type":"ListItem","position":1,"name":"Etusivu","item":"https:\/\/apmokkipalvelut.fi\/en\/"},{"@type":"ListItem","position":2,"name":"Contact us"}]},{"@type":"WebSite","@id":"https:\/\/apmokkipalvelut.fi\/en\/#website","url":"https:\/\/apmokkipalvelut.fi\/en\/","name":"AP M\u00f6kkipalvelut Oy, Ruka-Kuusamo","description":"kiinteist\u00f6nhuoltoa ja m\u00f6kkiv\u00e4lityst\u00e4","potentialAction":[{"@type":"SearchAction","target":{"@type":"EntryPoint","urlTemplate":"https:\/\/apmokkipalvelut.fi\/en\/?s={search_term_string}"},"query-input":{"@type":"PropertyValueSpecification","valueRequired":true,"valueName":"search_term_string"}}],"inLanguage":"en-US"}]}},"_links":{"self":[{"href":"https:\/\/apmokkipalvelut.fi\/en\/wp-json\/wp\/v2\/pages\/672","targetHints":{"allow":["GET"]}}],"collection":[{"href":"https:\/\/apmokkipalvelut.fi\/en\/wp-json\/wp\/v2\/pages"}],"about":[{"href":"https:\/\/apmokkipalvelut.fi\/en\/wp-json\/wp\/v2\/types\/page"}],"author":[{"embeddable":true,"href":"https:\/\/apmokkipalvelut.fi\/en\/wp-json\/wp\/v2\/users\/1"}],"replies":[{"embeddable":true,"href":"https:\/\/apmokkipalvelut.fi\/en\/wp-json\/wp\/v2\/comments?post=672"}],"version-history":[{"count":9,"href":"https:\/\/apmokkipalvelut.fi\/en\/wp-json\/wp\/v2\/pages\/672\/revisions"}],"predecessor-version":[{"id":41380,"href":"https:\/\/apmokkipalvelut.fi\/en\/wp-json\/wp\/v2\/pages\/672\/revisions\/41380"}],"wp:featuredmedia":[{"embeddable":true,"href":"https:\/\/apmokkipalvelut.fi\/en\/wp-json\/wp\/v2\/media\/795"}],"wp:attachment":[{"href":"https:\/\/apmokkipalvelut.fi\/en\/wp-json\/wp\/v2\/media?parent=672"}],"curies":[{"name":"wp","href":"https:\/\/api.w.org\/{rel}","templated":true}]}}