{"id":668,"date":"2020-09-30T12:51:11","date_gmt":"2020-09-30T09:51:11","guid":{"rendered":"https:\/\/apmokkipalvelut.fi\/me\/"},"modified":"2025-05-16T08:52:39","modified_gmt":"2025-05-16T05:52:39","slug":"about-us","status":"publish","type":"page","link":"https:\/\/apmokkipalvelut.fi\/en\/about-us\/","title":{"rendered":"About us"},"content":{"rendered":"<div>\n<p>    <img decoding=\"async\" src=\"\/wp-content\/uploads\/2020\/10\/ap-mokkipalvelut_me.jpg\" alt=\"Your cabin deserves the best \u2013 and we\u2019ll make sure it gets it\"><\/p>\n<h3>Your cabin deserves the best \u2013 and we\u2019ll make sure it gets it<\/h3>\n<\/div>\n<div>\n<h3>Team<\/h3>\n<p>AP-M\u00f6kkipalvelut Ltd is a company run by Anu Parkkisenniemi and Aki Tauriainen, two siblings from Kuusamo. Operations began in 2015, when Anu founded her firm AP-M\u00f6kkipalvelut, but after a short while there was so much demand that she decided to ask her brother Aki to join in. The firm became a limited company with a new operations range, holiday cottage maintenance and the production and sales of smoked fish. However, property maintenance started to take most of the company\u2019s time, and the siblings decided to focus on it entirely.<\/p>\n<\/div>\n<ul>\n<li>\n<p>        <img decoding=\"async\" src=\"\/wp-content\/uploads\/2020\/11\/20201104-_DSC0008.jpg\" alt=\"Anu Parkkisenniemi\"><\/p>\n<h3>Anu<\/h3>\n<div>\n<p><span>Anu has worked in the world of kitchen and cleaning.<\/span><br \/><span>Her family comprises a husband and four growing children. The children are old enough to give their mother time to have hobbies of her own.<\/span><br \/><span>Anu enjoys all kinds of exercise in her free time; dance, Pilates, yoga, cross-country skiing and cycling in suitable proportions and in accordance with the seasons and her current feeling.<\/span><br \/><span>Anu is easily reached by telephone<\/span><br \/><a href=\"tel:+358407298538\">358 40 729 8538<\/a><\/p>\n<\/div>\n<\/li>\n<li>\n<p>        <img decoding=\"async\" src=\"\/wp-content\/uploads\/2020\/11\/20201104-_DSC0014-2.jpg\" alt=\"\"><\/p>\n<h3>Aki<\/h3>\n<div>\n<p><span>Aki has worked in construction as well as in the production and sales of smoked fish.<\/span><br \/><span>Aki has a family of wife and two young children. The family spends their free time with their three dogs. In summer Aki enjoys fishing and in winter he often goes snowmobiling.<\/span><br \/><span>Aki can be reached by telephone<\/span><br \/><a href=\"tel:+358400 245 707\">+358 400 245 707<\/a><\/p>\n<\/div>\n<\/li>\n<\/ul>\n<p><!--more--><br \/>\n<!-- {\"name\":\"ap\",\"type\":\"layout\",\"children\":[{\"name\":\"Cabins Exterior\",\"type\":\"section\",\"props\":{\"animation\":\"fade\",\"header_transparent\":true,\"header_transparent_noplaceholder\":true,\"header_transparent_text_color\":\"light\",\"height\":\"viewport\",\"height_viewport\":80,\"image_position\":\"center-right\",\"padding\":\"none\",\"style\":\"default\",\"title_breakpoint\":\"xl\",\"title_position\":\"top-left\",\"title_rotation\":\"left\",\"vertical_align\":\"middle\",\"width\":\"\"},\"children\":[{\"type\":\"row\",\"children\":[{\"type\":\"column\",\"props\":{\"image_position\":\"center-center\",\"position_sticky_breakpoint\":\"m\"},\"children\":[{\"type\":\"slideshow\",\"props\":{\"block_align\":\"center\",\"link_style\":\"default\",\"link_text\":\"Read more\",\"margin\":\"default\",\"meta_align\":\"below-title\",\"meta_element\":\"div\",\"meta_style\":\"text-meta\",\"nav\":\"\",\"nav_align\":\"center\",\"nav_breakpoint\":\"s\",\"nav_position\":\"bottom-center\",\"nav_position_margin\":\"medium\",\"overlay_animation\":\"parallax\",\"overlay_position\":\"center\",\"show_content\":true,\"show_link\":true,\"show_meta\":true,\"show_thumbnail\":true,\"show_title\":true,\"slidenav\":\"default\",\"slidenav_breakpoint\":\"s\",\"slidenav_margin\":\"medium\",\"slidenav_outside_breakpoint\":\"xl\",\"slideshow_autoplay\":true,\"slideshow_autoplay_pause\":true,\"slideshow_height\":\"viewport\",\"slideshow_height_viewport\":80,\"slideshow_max_height\":\"500\",\"slideshow_min_height\":300,\"text_align\":\"center\",\"text_color\":\"light\",\"thumbnav_height\":\"75\",\"thumbnav_svg_color\":\"emphasis\",\"thumbnav_width\":\"100\",\"title_element\":\"h3\",\"title_font_family\":\"tertiary\",\"title_hover_style\":\"reset\",\"title_style\":\"heading-small\"},\"children\":[{\"type\":\"slideshow_item\",\"props\":{\"image\":\"wp-content\\\/uploads\\\/2020\\\/10\\\/ap-mokkipalvelut_me.jpg\",\"image_alt\":\"Your cabin deserves the best \\u2013 and we\\u2019ll make sure it gets it\",\"media_overlay\":\"rgba(0, 0, 0, 0.12)\",\"meta\":\"\",\"title\":\"Your cabin deserves the best \\u2013 and we\\u2019ll make sure it gets it\"}}]}]}]}]},{\"type\":\"section\",\"props\":{\"image_position\":\"center-center\",\"style\":\"default\",\"title_breakpoint\":\"xl\",\"title_position\":\"top-left\",\"title_rotation\":\"left\",\"vertical_align\":\"\",\"width\":\"small\"},\"children\":[{\"type\":\"row\",\"children\":[{\"type\":\"column\",\"props\":{\"image_position\":\"center-center\",\"position_sticky_breakpoint\":\"m\"},\"children\":[{\"type\":\"text\",\"props\":{\"column_breakpoint\":\"m\",\"content\":\"\n\n<h3>Team<\\\/h3>\\n\n\n<p>AP-M\\u00f6kkipalvelut Ltd is a company run by Anu Parkkisenniemi and Aki Tauriainen, two siblings from Kuusamo. Operations began in 2015, when Anu founded her firm AP-M\\u00f6kkipalvelut, but after a short while there was so much demand that she decided to ask her brother Aki to join in. The firm became a limited company with a new operations range, holiday cottage maintenance and the production and sales of smoked fish. However, property maintenance started to take most of the company\\u2019s time, and the siblings decided to focus on it entirely.\\n\\n<\\\/p>\",\"margin\":\"default\"}},{\"type\":\"grid\",\"props\":{\"content_column_breakpoint\":\"m\",\"filter_align\":\"left\",\"filter_all\":true,\"filter_grid_breakpoint\":\"m\",\"filter_grid_width\":\"auto\",\"filter_position\":\"top\",\"filter_style\":\"tab\",\"grid_default\":\"1\",\"grid_medium\":\"2\",\"icon_width\":80,\"image_align\":\"top\",\"image_grid_breakpoint\":\"m\",\"image_grid_width\":\"1-2\",\"image_svg_color\":\"emphasis\",\"item_animation\":true,\"lightbox_bg_close\":true,\"link_style\":\"default\",\"link_text\":\"Read more\",\"margin\":\"default\",\"meta_align\":\"below-title\",\"meta_element\":\"div\",\"meta_style\":\"text-meta\",\"parallax_easing\":\"1\",\"show_content\":true,\"show_hover_image\":true,\"show_hover_video\":true,\"show_image\":true,\"show_link\":true,\"show_meta\":true,\"show_title\":true,\"show_video\":true,\"title_align\":\"top\",\"title_element\":\"h3\",\"title_grid_breakpoint\":\"m\",\"title_grid_width\":\"1-2\",\"title_hover_style\":\"reset\"},\"children\":[{\"type\":\"grid_item\",\"props\":{\"content\":\"\n\n<p><span>Anu has worked in the world of kitchen and cleaning.<\\\/span><br \\\/><span>Her family comprises a husband and four growing children. The children are old enough to give their mother time to have hobbies of her own.<\\\/span><br \\\/><span>Anu enjoys all kinds of exercise in her free time; dance, Pilates, yoga, cross-country skiing and cycling in suitable proportions and in accordance with the seasons and her current feeling.<\\\/span><br \\\/><span>Anu is easily reached by telephone<\\\/span><br \\\/><a href=\\\"tel:+358407298538\\\">358 40 729 8538<\\\/a><\\\/p>\",\"image\":\"wp-content\\\/uploads\\\/2020\\\/11\\\/20201104-_DSC0008.jpg\",\"image_alt\":\"Anu Parkkisenniemi\",\"title\":\"Anu\"}},{\"type\":\"grid_item\",\"props\":{\"content\":\"\n\n<p><span>Aki has worked in construction as well as in the production and sales of smoked fish.<\\\/span><br \\\/><span>Aki has a family of wife and two young children. The family spends their free time with their three dogs. In summer Aki enjoys fishing and in winter he often goes snowmobiling.<\\\/span><br \\\/><span>Aki can be reached by telephone<\\\/span><br \\\/><a href=\\\"tel:+358400 245 707\\\">+358 400 245 707<\\\/a><\\\/p>\",\"image\":\"wp-content\\\/uploads\\\/2020\\\/11\\\/20201104-_DSC0014-2.jpg\",\"title\":\"Aki\"}}]}]}]}]}],\"version\":\"4.5.15\"} --><\/p>\n","protected":false},"excerpt":{"rendered":"<p>Your cabin deserves the best \u2013 and we\u2019ll make sure it gets it Team AP-M\u00f6kkipalvelut Ltd is a company run by Anu Parkkisenniemi and Aki Tauriainen, two siblings from Kuusamo. Operations began in 2015, when Anu founded her firm AP-M\u00f6kkipalvelut, but after a short while there was so much demand that she decided to ask [&hellip;]<\/p>\n","protected":false},"author":1,"featured_media":797,"parent":0,"menu_order":0,"comment_status":"closed","ping_status":"closed","template":"","meta":{"footnotes":""},"class_list":["post-668","page","type-page","status-publish","has-post-thumbnail","hentry"],"yoast_head":"<!-- This site is optimized with the Yoast SEO plugin v27.4 - https:\/\/yoast.com\/product\/yoast-seo-wordpress\/ -->\n<title>About us - AP M\u00f6kkipalvelut Oy, Ruka-Kuusamo<\/title>\n<meta name=\"description\" content=\"Tarinamme ja ihmiset yrityksen takana.\" \/>\n<meta name=\"robots\" content=\"index, follow, max-snippet:-1, max-image-preview:large, max-video-preview:-1\" \/>\n<link rel=\"canonical\" href=\"https:\/\/apmokkipalvelut.fi\/en\/about-us\/\" \/>\n<meta property=\"og:locale\" content=\"en_US\" \/>\n<meta property=\"og:type\" content=\"article\" \/>\n<meta property=\"og:title\" content=\"About us - AP M\u00f6kkipalvelut Oy, Ruka-Kuusamo\" \/>\n<meta property=\"og:description\" content=\"Tarinamme ja ihmiset yrityksen takana.\" \/>\n<meta property=\"og:url\" content=\"https:\/\/apmokkipalvelut.fi\/en\/about-us\/\" \/>\n<meta property=\"og:site_name\" content=\"AP M\u00f6kkipalvelut Oy, Ruka-Kuusamo\" \/>\n<meta property=\"article:modified_time\" content=\"2025-05-16T05:52:39+00:00\" \/>\n<meta property=\"og:image\" content=\"https:\/\/apmokkipalvelut.fi\/wp-content\/uploads\/2020\/10\/ap.jpg\" \/>\n\t<meta property=\"og:image:width\" content=\"800\" \/>\n\t<meta property=\"og:image:height\" content=\"533\" \/>\n\t<meta property=\"og:image:type\" content=\"image\/jpeg\" \/>\n<meta name=\"twitter:card\" content=\"summary_large_image\" \/>\n<meta name=\"twitter:label1\" content=\"Est. reading time\" \/>\n\t<meta name=\"twitter:data1\" content=\"2 minutes\" \/>\n<script type=\"application\/ld+json\" class=\"yoast-schema-graph\">{\"@context\":\"https:\\\/\\\/schema.org\",\"@graph\":[{\"@type\":\"WebPage\",\"@id\":\"https:\\\/\\\/apmokkipalvelut.fi\\\/en\\\/about-us\\\/\",\"url\":\"https:\\\/\\\/apmokkipalvelut.fi\\\/en\\\/about-us\\\/\",\"name\":\"About us - AP M\u00f6kkipalvelut Oy, Ruka-Kuusamo\",\"isPartOf\":{\"@id\":\"https:\\\/\\\/apmokkipalvelut.fi\\\/en\\\/#website\"},\"primaryImageOfPage\":{\"@id\":\"https:\\\/\\\/apmokkipalvelut.fi\\\/en\\\/about-us\\\/#primaryimage\"},\"image\":{\"@id\":\"https:\\\/\\\/apmokkipalvelut.fi\\\/en\\\/about-us\\\/#primaryimage\"},\"thumbnailUrl\":\"https:\\\/\\\/apmokkipalvelut.fi\\\/wp-content\\\/uploads\\\/2020\\\/10\\\/ap.jpg\",\"datePublished\":\"2020-09-30T09:51:11+00:00\",\"dateModified\":\"2025-05-16T05:52:39+00:00\",\"description\":\"Tarinamme ja ihmiset yrityksen takana.\",\"breadcrumb\":{\"@id\":\"https:\\\/\\\/apmokkipalvelut.fi\\\/en\\\/about-us\\\/#breadcrumb\"},\"inLanguage\":\"en-US\",\"potentialAction\":[{\"@type\":\"ReadAction\",\"target\":[\"https:\\\/\\\/apmokkipalvelut.fi\\\/en\\\/about-us\\\/\"]}]},{\"@type\":\"ImageObject\",\"inLanguage\":\"en-US\",\"@id\":\"https:\\\/\\\/apmokkipalvelut.fi\\\/en\\\/about-us\\\/#primaryimage\",\"url\":\"https:\\\/\\\/apmokkipalvelut.fi\\\/wp-content\\\/uploads\\\/2020\\\/10\\\/ap.jpg\",\"contentUrl\":\"https:\\\/\\\/apmokkipalvelut.fi\\\/wp-content\\\/uploads\\\/2020\\\/10\\\/ap.jpg\",\"width\":800,\"height\":533},{\"@type\":\"BreadcrumbList\",\"@id\":\"https:\\\/\\\/apmokkipalvelut.fi\\\/en\\\/about-us\\\/#breadcrumb\",\"itemListElement\":[{\"@type\":\"ListItem\",\"position\":1,\"name\":\"Etusivu\",\"item\":\"https:\\\/\\\/apmokkipalvelut.fi\\\/en\\\/\"},{\"@type\":\"ListItem\",\"position\":2,\"name\":\"About us\"}]},{\"@type\":\"WebSite\",\"@id\":\"https:\\\/\\\/apmokkipalvelut.fi\\\/en\\\/#website\",\"url\":\"https:\\\/\\\/apmokkipalvelut.fi\\\/en\\\/\",\"name\":\"AP M\u00f6kkipalvelut Oy, Ruka-Kuusamo\",\"description\":\"kiinteist\u00f6nhuoltoa ja m\u00f6kkiv\u00e4lityst\u00e4\",\"potentialAction\":[{\"@type\":\"SearchAction\",\"target\":{\"@type\":\"EntryPoint\",\"urlTemplate\":\"https:\\\/\\\/apmokkipalvelut.fi\\\/en\\\/?s={search_term_string}\"},\"query-input\":{\"@type\":\"PropertyValueSpecification\",\"valueRequired\":true,\"valueName\":\"search_term_string\"}}],\"inLanguage\":\"en-US\"}]}<\/script>\n<!-- \/ Yoast SEO plugin. -->","yoast_head_json":{"title":"About us - AP M\u00f6kkipalvelut Oy, Ruka-Kuusamo","description":"Tarinamme ja ihmiset yrityksen takana.","robots":{"index":"index","follow":"follow","max-snippet":"max-snippet:-1","max-image-preview":"max-image-preview:large","max-video-preview":"max-video-preview:-1"},"canonical":"https:\/\/apmokkipalvelut.fi\/en\/about-us\/","og_locale":"en_US","og_type":"article","og_title":"About us - AP M\u00f6kkipalvelut Oy, Ruka-Kuusamo","og_description":"Tarinamme ja ihmiset yrityksen takana.","og_url":"https:\/\/apmokkipalvelut.fi\/en\/about-us\/","og_site_name":"AP M\u00f6kkipalvelut Oy, Ruka-Kuusamo","article_modified_time":"2025-05-16T05:52:39+00:00","og_image":[{"width":800,"height":533,"url":"https:\/\/apmokkipalvelut.fi\/wp-content\/uploads\/2020\/10\/ap.jpg","type":"image\/jpeg"}],"twitter_card":"summary_large_image","twitter_misc":{"Est. reading time":"2 minutes"},"schema":{"@context":"https:\/\/schema.org","@graph":[{"@type":"WebPage","@id":"https:\/\/apmokkipalvelut.fi\/en\/about-us\/","url":"https:\/\/apmokkipalvelut.fi\/en\/about-us\/","name":"About us - AP M\u00f6kkipalvelut Oy, Ruka-Kuusamo","isPartOf":{"@id":"https:\/\/apmokkipalvelut.fi\/en\/#website"},"primaryImageOfPage":{"@id":"https:\/\/apmokkipalvelut.fi\/en\/about-us\/#primaryimage"},"image":{"@id":"https:\/\/apmokkipalvelut.fi\/en\/about-us\/#primaryimage"},"thumbnailUrl":"https:\/\/apmokkipalvelut.fi\/wp-content\/uploads\/2020\/10\/ap.jpg","datePublished":"2020-09-30T09:51:11+00:00","dateModified":"2025-05-16T05:52:39+00:00","description":"Tarinamme ja ihmiset yrityksen takana.","breadcrumb":{"@id":"https:\/\/apmokkipalvelut.fi\/en\/about-us\/#breadcrumb"},"inLanguage":"en-US","potentialAction":[{"@type":"ReadAction","target":["https:\/\/apmokkipalvelut.fi\/en\/about-us\/"]}]},{"@type":"ImageObject","inLanguage":"en-US","@id":"https:\/\/apmokkipalvelut.fi\/en\/about-us\/#primaryimage","url":"https:\/\/apmokkipalvelut.fi\/wp-content\/uploads\/2020\/10\/ap.jpg","contentUrl":"https:\/\/apmokkipalvelut.fi\/wp-content\/uploads\/2020\/10\/ap.jpg","width":800,"height":533},{"@type":"BreadcrumbList","@id":"https:\/\/apmokkipalvelut.fi\/en\/about-us\/#breadcrumb","itemListElement":[{"@type":"ListItem","position":1,"name":"Etusivu","item":"https:\/\/apmokkipalvelut.fi\/en\/"},{"@type":"ListItem","position":2,"name":"About us"}]},{"@type":"WebSite","@id":"https:\/\/apmokkipalvelut.fi\/en\/#website","url":"https:\/\/apmokkipalvelut.fi\/en\/","name":"AP M\u00f6kkipalvelut Oy, Ruka-Kuusamo","description":"kiinteist\u00f6nhuoltoa ja m\u00f6kkiv\u00e4lityst\u00e4","potentialAction":[{"@type":"SearchAction","target":{"@type":"EntryPoint","urlTemplate":"https:\/\/apmokkipalvelut.fi\/en\/?s={search_term_string}"},"query-input":{"@type":"PropertyValueSpecification","valueRequired":true,"valueName":"search_term_string"}}],"inLanguage":"en-US"}]}},"_links":{"self":[{"href":"https:\/\/apmokkipalvelut.fi\/en\/wp-json\/wp\/v2\/pages\/668","targetHints":{"allow":["GET"]}}],"collection":[{"href":"https:\/\/apmokkipalvelut.fi\/en\/wp-json\/wp\/v2\/pages"}],"about":[{"href":"https:\/\/apmokkipalvelut.fi\/en\/wp-json\/wp\/v2\/types\/page"}],"author":[{"embeddable":true,"href":"https:\/\/apmokkipalvelut.fi\/en\/wp-json\/wp\/v2\/users\/1"}],"replies":[{"embeddable":true,"href":"https:\/\/apmokkipalvelut.fi\/en\/wp-json\/wp\/v2\/comments?post=668"}],"version-history":[{"count":11,"href":"https:\/\/apmokkipalvelut.fi\/en\/wp-json\/wp\/v2\/pages\/668\/revisions"}],"predecessor-version":[{"id":41376,"href":"https:\/\/apmokkipalvelut.fi\/en\/wp-json\/wp\/v2\/pages\/668\/revisions\/41376"}],"wp:featuredmedia":[{"embeddable":true,"href":"https:\/\/apmokkipalvelut.fi\/en\/wp-json\/wp\/v2\/media\/797"}],"wp:attachment":[{"href":"https:\/\/apmokkipalvelut.fi\/en\/wp-json\/wp\/v2\/media?parent=668"}],"curies":[{"name":"wp","href":"https:\/\/api.w.org\/{rel}","templated":true}]}}